{"id":5175,"date":"2015-06-21T18:41:20","date_gmt":"2015-06-21T18:41:20","guid":{"rendered":"http:\/\/doming.ca\/logoprint\/?page_id=5175"},"modified":"2015-06-30T17:18:27","modified_gmt":"2015-06-30T17:18:27","slug":"kalkulace","status":"publish","type":"page","link":"https:\/\/logoprint.cz\/?page_id=5175","title":{"rendered":"kalkulace"},"content":{"rendered":"<div class=\"wpb-content-wrapper\">[vc_row][vc_column width=&#8220;1\/1&#8243; animation=&#8220;fade-in&#8220; animation_delay=&#8220;500&#8243;]<div class=\"fw-section hb-fw-69f1d063b9ac9 without-border no-overlay dark-text-color\" style=\"background-color:#f7c336;margin-top:-50px;padding-top:15px;padding-bottom:15px;\"><div class=\"row fw-content-wrap\"><div class=\"col-12 nbm\"><div class=\"shortcode-wrapper shortcode-title clearfix hb-aligncenter\"><h2 style=\"color:#323232!important;border-color:#323232\" class=\"\">R\u00e1di V\u00e1m vypo\u010d\u00edt\u00e1me cenov\u00e9 kalkulace p\u0159esn\u011b pro Va\u0161e pot\u0159eby.<\/p>\n<h2><strong>ZVOLTE SI N\u011aKTER\u00dd Z NA\u0160ICH PRODUKT\u016e<\/strong><\/h2><\/div><\/h2>\n<\/div><\/div><div class=\"video-overlay no-overlay\"><\/div><\/div>[\/vc_column][\/vc_row][vc_row][vc_column width=&#8220;1\/1&#8243;]<div class=\"hb-pricing-table-wrapper pricing-colored columns-4 clearfix hb-animate-element hb-fade-in\" data-delay=\"300\"><div class=\"hb-pricing-item\"><div class=\"pricing-table-caption\" style=\"background:#f88f0e;\">LOGOPRINTY - kalkulace<\/div><div class=\"pricing-table-content\"><div class=\"shortcode-wrapper shortcode-list clearfix\"><ul class=\"hb-ul-list\">\r\n<li><i class=\"icon-ok\" style=\"color:#ff6838\"><\/i>3D etikety<\/li>\r\n\r\n<li><i class=\"icon-ok\" style=\"color:#ff6838\"><\/i>plastick\u00e9 etikety<\/li>\r\n\r\n<li><i class=\"icon-ok\" style=\"color:#ff6838\"><\/i>mikroprint<\/li>\r\n\r\n<li><i class=\"icon-ok\" style=\"color:#ff6838\"><\/i>transparentn\u00ed \u010do\u010dky<\/li>\r\n\r\n<li><i class=\"icon-ok\" style=\"color:#ff6838\"><\/i>digit\u00e1ln\u00ed tisk CMYK + b\u00edl\u00e1<\/li>\r\n\r\n<li><i class=\"icon-ok\" style=\"color:#ff6838\"><\/i>s\u00edtotisk<\/li>\r\n\r\n<\/ul><\/div>\r\n\r\n<div class=\"shortcode-wrapper shortcode-separator clearfix\" ><div class=\"hb-separator\"  style=\"margin-top:20px;margin-bottom:20px;\"><\/div><\/div>\r\n\r\n<a href=\"http:\/\/logoprint.cz\/?p=5194\" class=\"hb-button hb-yellow hb-default-button\" target=\"_self\" style=\"-webkit-border-radius: 2px;-moz-border-radius: 2px;border-radius: 2px;\">Formul\u00e1\u0159<\/a>\r\n\r\n&nbsp;<\/div><\/div><div class=\"hb-pricing-item\"><div class=\"pricing-table-caption\" style=\"background:#c45f03;\">SAMOLEPKY - kalkulace<\/div><div class=\"pricing-table-content\"><div class=\"shortcode-wrapper shortcode-list clearfix\"><ul class=\"hb-ul-list\">\r\n<li><i class=\"icon-ok\" style=\"color:#ff6838\"><\/i>digit\u00e1ln\u00ed tisk<\/li>\r\n\r\n<li><i class=\"icon-ok\" style=\"color:#ff6838\"><\/i>s\u00edtotisk<\/li>\r\n\r\n<li><i class=\"icon-ok\" style=\"color:#ff6838\"><\/i>libovoln\u00fd tvar<\/li>\r\n\r\n<li><i class=\"icon-ok\" style=\"color:#ff6838\"><\/i>v\u00fdsek-plotr-laser<\/li>\r\n\r\n<li><i class=\"icon-ok\" style=\"color:#ff6838\"><\/i>technick\u00e9 etikety<\/li>\r\n\r\n<li><i class=\"icon-ok\" style=\"color:#ff6838\"><\/i>f\u00f3liov\u00e9 n\u00e1pisy - Lexan<\/li>\r\n\r\n<\/ul><\/div>\r\n\r\n<div class=\"shortcode-wrapper shortcode-separator clearfix\" ><div class=\"hb-separator\"  style=\"margin-top:20px;margin-bottom:20px;\"><\/div><\/div>\r\n\r\n<a href=\"http:\/\/logoprint.cz\/?p=5213\" class=\"hb-button hb-yellow hb-default-button\" target=\"_self\" style=\"-webkit-border-radius: 2px;-moz-border-radius: 2px;border-radius: 2px;\">Formul\u00e1\u0159<\/a>\r\n\r\n&nbsp;<\/div><\/div><div class=\"hb-pricing-item\"><div class=\"pricing-table-caption\" style=\"background:#d94401;\">REKLAMN\u00cd P\u0158EDM\u011aTY<\/div><div class=\"pricing-table-content\"><div class=\"shortcode-wrapper shortcode-list clearfix\"><ul class=\"hb-ul-list\">\r\n<li><i class=\"icon-ok\" style=\"color:#ff6838\"><\/i>kl\u00ed\u010denky<\/li>\r\n\r\n<li><i class=\"icon-ok\" style=\"color:#ff6838\"><\/i>magnetky<\/li>\r\n\r\n<li><i class=\"icon-ok\" style=\"color:#ff6838\"><\/i>magnetky 3D - s prysky\u0159ic\u00ed<\/li>\r\n\r\n<li><i class=\"icon-ok\" style=\"color:#ff6838\"><\/i>placky<\/li>\r\n\r\n<li><i class=\"icon-ok\" style=\"color:#ff6838\"><\/i>odznaky<\/li>\r\n\r\n<li><i class=\"icon-ok\" style=\"color:#ff6838\"><\/i>EasyStick<\/li>\r\n\r\n<\/ul><\/div>\r\n\r\n<div class=\"shortcode-wrapper shortcode-separator clearfix\" ><div class=\"hb-separator\"  style=\"margin-top:20px;margin-bottom:20px;\"><\/div><\/div>\r\n\r\n<a href=\"http:\/\/logoprint.cz\/?p=5215\" class=\"hb-button hb-yellow hb-default-button\" target=\"_self\" style=\"-webkit-border-radius: 2px;-moz-border-radius: 2px;border-radius: 2px;\">Formul\u00e1\u0159<\/a>\r\n\r\n&nbsp;<\/div><\/div><div class=\"hb-pricing-item\"><div class=\"pricing-table-caption\" style=\"background:#b34807;\">MAGNETKY<\/div><div class=\"pricing-table-content\"><div class=\"shortcode-wrapper shortcode-list clearfix\"><ul class=\"hb-ul-list\">\r\n<li><i class=\"icon-ok\" style=\"color:#ff6838\"><\/i>kolm\u00e9 rohy<\/li>\r\n\r\n<li><i class=\"icon-ok\" style=\"color:#ff6838\"><\/i>kulat\u00e9 rohy<\/li>\r\n\r\n<li><i class=\"icon-ok\" style=\"color:#ff6838\"><\/i>z\u00e1kaznick\u00fd v\u00fdsek<\/li>\r\n\r\n<li><i class=\"icon-ok\" style=\"color:#ff6838\"><\/i>varianta 3D<\/li>\r\n\r\n<li><i class=\"icon-ok\" style=\"color:#ff6838\"><\/i>digit\u00e1ln\u00ed tisk CMYK<\/li>\r\n\r\n<li><i class=\"icon-ok\" style=\"color:#ff6838\"><\/i>tl. f\u00f3lie 0,5 a 0,7mm<\/li>\r\n\r\n<\/ul><\/div>\r\n\r\n<div class=\"shortcode-wrapper shortcode-separator clearfix\" ><div class=\"hb-separator\"  style=\"margin-top:20px;margin-bottom:20px;\"><\/div><\/div>\r\n\r\n<a href=\"http:\/\/logoprint.cz\/?p=5217\" class=\"hb-button hb-yellow hb-default-button\" target=\"_self\" style=\"-webkit-border-radius: 2px;-moz-border-radius: 2px;border-radius: 2px;\">Formul\u00e1\u0159<\/a><\/div><\/div><\/div>[\/vc_column][\/vc_row]\n<\/div>","protected":false},"excerpt":{"rendered":"<p>[vc_row][vc_column width=&#8220;1\/1&#8243; animation=&#8220;fade-in&#8220; animation_delay=&#8220;500&#8243;][\/vc_column][\/vc_row][vc_row][vc_column width=&#8220;1\/1&#8243;][\/vc_column][\/vc_row]<\/p>\n","protected":false},"author":1,"featured_media":0,"parent":0,"menu_order":0,"comment_status":"open","ping_status":"open","template":"","meta":{"footnotes":""},"class_list":["post-5175","page","type-page","status-publish","hentry"],"_links":{"self":[{"href":"https:\/\/logoprint.cz\/index.php?rest_route=\/wp\/v2\/pages\/5175"}],"collection":[{"href":"https:\/\/logoprint.cz\/index.php?rest_route=\/wp\/v2\/pages"}],"about":[{"href":"https:\/\/logoprint.cz\/index.php?rest_route=\/wp\/v2\/types\/page"}],"author":[{"embeddable":true,"href":"https:\/\/logoprint.cz\/index.php?rest_route=\/wp\/v2\/users\/1"}],"replies":[{"embeddable":true,"href":"https:\/\/logoprint.cz\/index.php?rest_route=%2Fwp%2Fv2%2Fcomments&post=5175"}],"version-history":[{"count":11,"href":"https:\/\/logoprint.cz\/index.php?rest_route=\/wp\/v2\/pages\/5175\/revisions"}],"predecessor-version":[{"id":5210,"href":"https:\/\/logoprint.cz\/index.php?rest_route=\/wp\/v2\/pages\/5175\/revisions\/5210"}],"wp:attachment":[{"href":"https:\/\/logoprint.cz\/index.php?rest_route=%2Fwp%2Fv2%2Fmedia&parent=5175"}],"curies":[{"name":"wp","href":"https:\/\/api.w.org\/{rel}","templated":true}]}}