{"id":5084,"date":"2015-06-02T01:29:31","date_gmt":"2015-06-02T01:29:31","guid":{"rendered":"http:\/\/doming.ca\/logoprint\/?page_id=5084"},"modified":"2017-10-30T23:26:24","modified_gmt":"2017-10-30T23:26:24","slug":"magnetky","status":"publish","type":"page","link":"https:\/\/logoprint.cz\/?page_id=5084","title":{"rendered":"Magnetky"},"content":{"rendered":"<div class=\"wpb-content-wrapper\">[vc_row][vc_column]<div class=\"shortcode-wrapper shortcode-callout clearfix\"><div class=\"hb-callout-box\"><h3 class=\"clear-r-margin\">Magnetky standardn\u011b vyr\u00e1b\u00edme v tlou\u0161\u0165ce 0,5 a 0,6 mm. Tiskneme p\u0159\u00edmo na magnetickou f\u00f3lii, nehroz\u00ed tedy odlupov\u00e1n\u00ed a degradace magnetky, jako tomu b\u00fdv\u00e1 u proveden\u00ed s\u00a0laminem.\u00a0 <strong>Pro 3D efekt lze magnetky zal\u00edt prysky\u0159ic\u00ed.<\/strong><\/p>\n<p>Samoz\u0159ejmost\u00ed je v\u00fdroba z\u00e1kaznick\u00fdch tvar\u016f; s\u00a0novou technologi\u00ed tak\u00e9 odpad\u00e1 pot\u0159eba v\u00fdroby v\u00fdsekov\u00fdch no\u017e\u016f pro slo\u017eit\u011bj\u0161\u00ed \u010di nepravideln\u00e9 tvary.<\/p>\n<p>U materi\u00e1lu tlou\u0161\u0165ky 0,6 mm je zv\u00fd\u0161ena magnetizace. R\u00e1di V\u00e1m za\u0161leme vzorek pro porovn\u00e1ni s konkuren\u010dn\u00edmi produkty.<\/h3><\/div><\/div>[vc_empty_space height=&#8220;30px&#8220;][\/vc_column][\/vc_row][vc_row][vc_column]\n<div class=\"wpcf7 no-js\" id=\"wpcf7-f5211-o1\" lang=\"cs-CZ\" dir=\"ltr\">\n<div class=\"screen-reader-response\"><p role=\"status\" aria-live=\"polite\" aria-atomic=\"true\"><\/p> <ul><\/ul><\/div>\n<form action=\"\/index.php?rest_route=%2Fwp%2Fv2%2Fpages%2F5084#wpcf7-f5211-o1\" method=\"post\" class=\"wpcf7-form init\" aria-label=\"Kontaktn\u00ed formul\u00e1\u0159\" enctype=\"multipart\/form-data\" novalidate=\"novalidate\" data-status=\"init\">\n<div style=\"display: none;\">\n<input type=\"hidden\" name=\"_wpcf7\" value=\"5211\" \/>\n<input type=\"hidden\" name=\"_wpcf7_version\" value=\"5.9.8\" \/>\n<input type=\"hidden\" name=\"_wpcf7_locale\" value=\"cs_CZ\" \/>\n<input type=\"hidden\" name=\"_wpcf7_unit_tag\" value=\"wpcf7-f5211-o1\" \/>\n<input type=\"hidden\" name=\"_wpcf7_container_post\" value=\"0\" \/>\n<input type=\"hidden\" name=\"_wpcf7_posted_data_hash\" value=\"\" \/>\n<input type=\"hidden\" name=\"_wpcf7_recaptcha_response\" value=\"\" \/>\n<\/div>\n<div class=\"row clearfix\">\n\t<div class=\"col-4\">\n\t\t<p>N\u00e1zev firmy; Va\u0161e jm\u00e9no (vy\u017eadov\u00e1no)\n\t\t<\/p>\n\t\t<p><span class=\"wpcf7-form-control-wrap\" data-name=\"your-name\"><input size=\"40\" maxlength=\"400\" class=\"wpcf7-form-control wpcf7-text wpcf7-validates-as-required\" aria-required=\"true\" aria-invalid=\"false\" value=\"\" type=\"text\" name=\"your-name\" \/><\/span>\n\t\t<\/p>\n\t<\/div>\n\t<div class=\"col-4\">\n\t\t<p>V\u00e1\u0161 email (vy\u017eadov\u00e1no)\n\t\t<\/p>\n\t\t<p><span class=\"wpcf7-form-control-wrap\" data-name=\"your-email\"><input size=\"40\" maxlength=\"400\" class=\"wpcf7-form-control wpcf7-email wpcf7-validates-as-required wpcf7-text wpcf7-validates-as-email\" aria-required=\"true\" aria-invalid=\"false\" value=\"\" type=\"email\" name=\"your-email\" \/><\/span>\n\t\t<\/p>\n\t<\/div>\n\t<div class=\"col-4\">\n\t\t<p>Telefon\n\t\t<\/p>\n\t\t<p><span class=\"wpcf7-form-control-wrap\" data-name=\"your-phone\"><input size=\"40\" maxlength=\"400\" class=\"wpcf7-form-control wpcf7-text\" aria-invalid=\"false\" value=\"\" type=\"text\" name=\"your-phone\" \/><\/span>\n\t\t<\/p>\n\t<\/div>\n\t<div class=\"col-3\">\n\t\t<h2><strong>\n\t\t\t\t<p>Typ magnetky\n\t\t\t\t<\/p><\/strong>\n\t\t<\/h2>\n\t\t<p><span class=\"wpcf7-form-control-wrap\" data-name=\"typ_magnetky\"><select class=\"wpcf7-form-control wpcf7-select\" aria-invalid=\"false\" name=\"typ_magnetky\"><option value=\"kolm\u00e9 rohy\">kolm\u00e9 rohy<\/option><option value=\"kulat\u00e9 rohy\">kulat\u00e9 rohy<\/option><option value=\"3D varianta\">3D varianta<\/option><\/select><\/span>\n\t\t<\/p>\n\t<\/div>\n\t<div class=\"col-3\">\n\t\t<h2><strong>\n\t\t\t\t<p>Tvar magnetky\n\t\t\t\t<\/p><\/strong>\n\t\t<\/h2>\n\t\t<p><span class=\"wpcf7-form-control-wrap\" data-name=\"tvar_magnetky\"><select class=\"wpcf7-form-control wpcf7-select\" aria-invalid=\"false\" name=\"tvar_magnetky\"><option value=\"\u010dtverec\">\u010dtverec<\/option><option value=\"obdeln\u00edk\">obdeln\u00edk<\/option><option value=\"kruh\">kruh<\/option><option value=\"elipsa\">elipsa<\/option><option value=\"jin\u00fd\">jin\u00fd<\/option><\/select><\/span>\n\t\t<\/p>\n\t<\/div>\n\t<div class=\"col-3\">\n\t\t<h2><strong>\n\t\t\t\t<p>Materi\u00e1l\n\t\t\t\t<\/p><\/strong>\n\t\t<\/h2>\n\t\t<p><span class=\"wpcf7-form-control-wrap\" data-name=\"material\"><select class=\"wpcf7-form-control wpcf7-select\" aria-invalid=\"false\" name=\"material\"><option value=\"tl. 0,5mm\">tl. 0,5mm<\/option><option value=\"tl. 0,7mm\">tl. 0,7mm<\/option><option value=\"tl. 0,6mm siln\u011b magnetick\u00e1\">tl. 0,6mm siln\u011b magnetick\u00e1<\/option><\/select><\/span>\n\t\t<\/p>\n\t<\/div>\n\t<div class=\"col-3\">\n\t\t<h2><strong>\n\t\t\t\t<p>Typ tisku\n\t\t\t\t<\/p><\/strong>\n\t\t<\/h2>\n\t\t<p><span class=\"wpcf7-form-control-wrap\" data-name=\"tisk\"><select class=\"wpcf7-form-control wpcf7-select\" aria-invalid=\"false\" name=\"tisk\"><option value=\"CMYK\">CMYK<\/option><option value=\"s\u00edtotisk 1b\">s\u00edtotisk 1b<\/option><option value=\"s\u00edtotisk 2b\">s\u00edtotisk 2b<\/option><option value=\"s\u00edtotisk 3b\">s\u00edtotisk 3b<\/option><option value=\"s\u00edtotisk 4b\">s\u00edtotisk 4b<\/option><\/select><\/span>\n\t\t<\/p>\n\t<\/div>\n\t<div class=\"col-3\">\n\t\t<p>Rozm\u011br etikety v mm<br \/>\n<span class=\"wpcf7-form-control-wrap\" data-name=\"rozmer\"><input size=\"40\" maxlength=\"400\" class=\"wpcf7-form-control wpcf7-text wpcf7-validates-as-required\" aria-required=\"true\" aria-invalid=\"false\" value=\"\" type=\"text\" name=\"rozmer\" \/><\/span>\n\t\t<\/p>\n\t<\/div>\n\t<div class=\"col-3\">\n\t\t<p>Po\u010det kus\u016f 1<br \/>\n<span class=\"wpcf7-form-control-wrap\" data-name=\"pocet_kusu_1\"><input size=\"40\" maxlength=\"400\" class=\"wpcf7-form-control wpcf7-text wpcf7-validates-as-required\" aria-required=\"true\" aria-invalid=\"false\" value=\"\" type=\"text\" name=\"pocet_kusu_1\" \/><\/span>\n\t\t<\/p>\n\t<\/div>\n\t<div class=\"col-3\">\n\t\t<p>Po\u010det kus\u016f 2<br \/>\n<span class=\"wpcf7-form-control-wrap\" data-name=\"pocet_kusu_2\"><input size=\"40\" maxlength=\"400\" class=\"wpcf7-form-control wpcf7-text\" aria-invalid=\"false\" value=\"\" type=\"text\" name=\"pocet_kusu_2\" \/><\/span>\n\t\t<\/p>\n\t<\/div>\n\t<div class=\"col-3\">\n\t\t<p>Po\u010det kus\u016f 3<br \/>\n<span class=\"wpcf7-form-control-wrap\" data-name=\"pocet_kusu_3\"><input size=\"40\" maxlength=\"400\" class=\"wpcf7-form-control wpcf7-text\" aria-invalid=\"false\" value=\"\" type=\"text\" name=\"pocet_kusu_3\" \/><\/span>\n\t\t<\/p>\n\t<\/div>\n\t<div class=\"col-12\">\n\t\t<p>&nbsp;\n\t\t<\/p>\n\t<\/div>\n\t<div class=\"col-12\">\n\t\t<p><span class=\"wpcf7-form-control-wrap\" data-name=\"poznamky\"><textarea cols=\"80\" rows=\"4\" maxlength=\"2000\" class=\"wpcf7-form-control wpcf7-textarea\" aria-invalid=\"false\" placeholder=\"poznamky\" name=\"poznamky\"><\/textarea><\/span>\n\t\t<\/p>\n\t<\/div>\n\t<div class=\"col-12\">\n\t\t<h4><strong>\n\t\t\t\t<p>Zde m\u016f\u017eete p\u0159ipojit soubor\n\t\t\t\t<\/p><\/strong>\n\t\t<\/h4>\n\t<\/div>\n\t<div class=\"col-12\">\n\t\t<p><span class=\"wpcf7-form-control-wrap\" data-name=\"soubor_1\"><input size=\"40\" class=\"wpcf7-form-control wpcf7-file\" accept=\".jpg,.jpeg,.png,.gif,.pdf,.doc,.docx,.tif,.ai,.cdr\" aria-invalid=\"false\" type=\"file\" name=\"soubor_1\" \/><\/span>\n\t\t<\/p>\n\t<\/div>\n\t<div class=\"col-12\">\n\t\t<p><input class=\"wpcf7-form-control wpcf7-submit has-spinner\" type=\"submit\" value=\"Odeslat\" \/>\n\t\t<\/p>\n\t<\/div>\n<\/div><div class=\"wpcf7-response-output\" aria-hidden=\"true\"><\/div>\n<\/form>\n<\/div>\n[\/vc_column][\/vc_row]\n<\/div>","protected":false},"excerpt":{"rendered":"<p>[vc_row][vc_column][vc_empty_space height=&#8220;30px&#8220;][\/vc_column][\/vc_row][vc_row][vc_column][\/vc_column][\/vc_row]<\/p>\n","protected":false},"author":1,"featured_media":0,"parent":0,"menu_order":0,"comment_status":"open","ping_status":"open","template":"","meta":{"footnotes":""},"class_list":["post-5084","page","type-page","status-publish","hentry"],"_links":{"self":[{"href":"https:\/\/logoprint.cz\/index.php?rest_route=\/wp\/v2\/pages\/5084"}],"collection":[{"href":"https:\/\/logoprint.cz\/index.php?rest_route=\/wp\/v2\/pages"}],"about":[{"href":"https:\/\/logoprint.cz\/index.php?rest_route=\/wp\/v2\/types\/page"}],"author":[{"embeddable":true,"href":"https:\/\/logoprint.cz\/index.php?rest_route=\/wp\/v2\/users\/1"}],"replies":[{"embeddable":true,"href":"https:\/\/logoprint.cz\/index.php?rest_route=%2Fwp%2Fv2%2Fcomments&post=5084"}],"version-history":[{"count":7,"href":"https:\/\/logoprint.cz\/index.php?rest_route=\/wp\/v2\/pages\/5084\/revisions"}],"predecessor-version":[{"id":5350,"href":"https:\/\/logoprint.cz\/index.php?rest_route=\/wp\/v2\/pages\/5084\/revisions\/5350"}],"wp:attachment":[{"href":"https:\/\/logoprint.cz\/index.php?rest_route=%2Fwp%2Fv2%2Fmedia&parent=5084"}],"curies":[{"name":"wp","href":"https:\/\/api.w.org\/{rel}","templated":true}]}}