{"id":5082,"date":"2015-06-02T01:29:00","date_gmt":"2015-06-02T01:29:00","guid":{"rendered":"http:\/\/doming.ca\/logoprint\/?page_id=5082"},"modified":"2017-10-30T23:37:45","modified_gmt":"2017-10-30T23:37:45","slug":"odznaky","status":"publish","type":"page","link":"https:\/\/logoprint.cz\/?page_id=5082","title":{"rendered":"Odznaky"},"content":{"rendered":"<div class=\"wpb-content-wrapper\">[vc_row][vc_column]<div class=\"shortcode-wrapper shortcode-callout clearfix\"><div class=\"hb-callout-box\"><h3 class=\"clear-r-margin\">Odznaky v\u00a0proveden\u00ed s\u00a0logoprintem vyr\u00e1b\u00edme v obvykl\u00fdch tvarech (kruh, elipsa, obd\u00e9ln\u00edk, \u010dtverec, erb, pav\u00e9za, vlajka apod.), jsme v\u0161ak schopni na zak\u00e1zku dodat i nestandardn\u00ed tvar.<\/p>\n<p>Odznak m\u016f\u017ee b\u00fdt osazen jehlou nebo puzetou (h\u0159eb\u00ed\u010dek se zaji\u0161t\u011bn\u00edm \u2013 princip d\u00e1msk\u00e9 n\u00e1u\u0161nice). Povrchov\u00e1 \u00faprava kovu \u017elut\u00e1 \u2013 mosaz (z\u00e1kladn\u00ed) nebo st\u0159\u00edbrn\u00e9 poniklov\u00e1n\u00ed.<\/h3><\/div><\/div>[vc_empty_space height=&#8220;30px&#8220;][\/vc_column][\/vc_row][vc_row][vc_column][vc_text_separator title=&#8220;POPT\u00c1VKA&#8220; i_icon_fontawesome=&#8220;fa fa-calculator&#8220; color=&#8220;custom&#8220; style=&#8220;double&#8220; border_width=&#8220;2&#8243; add_icon=&#8220;true&#8220; accent_color=&#8220;#ff7c3a&#8220; css=&#8220;.vc_custom_1454114023757{margin-top: 20px !important;}&#8220;][\/vc_column][\/vc_row][vc_row][vc_column]\n<div class=\"wpcf7 no-js\" id=\"wpcf7-f5212-o1\" lang=\"cs-CZ\" dir=\"ltr\">\n<div class=\"screen-reader-response\"><p role=\"status\" aria-live=\"polite\" aria-atomic=\"true\"><\/p> <ul><\/ul><\/div>\n<form action=\"\/index.php?rest_route=%2Fwp%2Fv2%2Fpages%2F5082#wpcf7-f5212-o1\" method=\"post\" class=\"wpcf7-form init\" aria-label=\"Kontaktn\u00ed formul\u00e1\u0159\" enctype=\"multipart\/form-data\" novalidate=\"novalidate\" data-status=\"init\">\n<div style=\"display: none;\">\n<input type=\"hidden\" name=\"_wpcf7\" value=\"5212\" \/>\n<input type=\"hidden\" name=\"_wpcf7_version\" value=\"5.9.8\" \/>\n<input type=\"hidden\" name=\"_wpcf7_locale\" value=\"cs_CZ\" \/>\n<input type=\"hidden\" name=\"_wpcf7_unit_tag\" value=\"wpcf7-f5212-o1\" \/>\n<input type=\"hidden\" name=\"_wpcf7_container_post\" value=\"0\" \/>\n<input type=\"hidden\" name=\"_wpcf7_posted_data_hash\" value=\"\" \/>\n<input type=\"hidden\" name=\"_wpcf7_recaptcha_response\" value=\"\" \/>\n<\/div>\n<div class=\"row clearfix\">\n\t<div class=\"col-4\">\n\t\t<p>N\u00e1zev firmy; Va\u0161e jm\u00e9no (vy\u017eadov\u00e1no)\n\t\t<\/p>\n\t\t<p><span class=\"wpcf7-form-control-wrap\" data-name=\"your-name\"><input size=\"40\" maxlength=\"400\" class=\"wpcf7-form-control wpcf7-text wpcf7-validates-as-required\" aria-required=\"true\" aria-invalid=\"false\" value=\"\" type=\"text\" name=\"your-name\" \/><\/span>\n\t\t<\/p>\n\t<\/div>\n\t<div class=\"col-4\">\n\t\t<p>V\u00e1\u0161 email (vy\u017eadov\u00e1no)\n\t\t<\/p>\n\t\t<p><span class=\"wpcf7-form-control-wrap\" data-name=\"your-email\"><input size=\"40\" maxlength=\"400\" class=\"wpcf7-form-control wpcf7-email wpcf7-validates-as-required wpcf7-text wpcf7-validates-as-email\" aria-required=\"true\" aria-invalid=\"false\" value=\"\" type=\"email\" name=\"your-email\" \/><\/span>\n\t\t<\/p>\n\t<\/div>\n\t<div class=\"col-4\">\n\t\t<p>Telefon\n\t\t<\/p>\n\t\t<p><span class=\"wpcf7-form-control-wrap\" data-name=\"your-phone\"><input size=\"40\" maxlength=\"400\" class=\"wpcf7-form-control wpcf7-text\" aria-invalid=\"false\" value=\"\" type=\"text\" name=\"your-phone\" \/><\/span>\n\t\t<\/p>\n\t<\/div>\n\t<div class=\"col-3\">\n\t\t<h2><strong>\n\t\t\t\t<p>Rekl. p\u0159edm\u011bt\n\t\t\t\t<\/p><\/strong>\n\t\t<\/h2>\n\t\t<p><span class=\"wpcf7-form-control-wrap\" data-name=\"typ_rekl_predm\"><select class=\"wpcf7-form-control wpcf7-select\" aria-invalid=\"false\" name=\"typ_rekl_predm\"><option value=\"kl\u00ed\u010denky kovov\u00e9\">kl\u00ed\u010denky kovov\u00e9<\/option><option value=\"kl\u00ed\u010denky 3D NK\">kl\u00ed\u010denky 3D NK<\/option><option value=\"magnetky\">magnetky<\/option><option value=\"placky 38mm\">placky 38mm<\/option><option value=\"placky 57mm\">placky 57mm<\/option><option value=\"odznaky\">odznaky<\/option><option value=\"EasyStick\">EasyStick<\/option><\/select><\/span>\n\t\t<\/p>\n\t<\/div>\n\t<div class=\"col-3\">\n\t\t<h2><strong>\n\t\t\t\t<p>Tvar\n\t\t\t\t<\/p><\/strong>\n\t\t<\/h2>\n\t\t<p><span class=\"wpcf7-form-control-wrap\" data-name=\"tvar_rekl\"><select class=\"wpcf7-form-control wpcf7-select\" aria-invalid=\"false\" name=\"tvar_rekl\"><option value=\"\u010dtverec\">\u010dtverec<\/option><option value=\"obdeln\u00edk\">obdeln\u00edk<\/option><option value=\"kruh\">kruh<\/option><option value=\"elipsa\">elipsa<\/option><option value=\"jin\u00fd\">jin\u00fd<\/option><\/select><\/span>\n\t\t<\/p>\n\t<\/div>\n\t<div class=\"col-3\">\n\t\t<h2><strong>\n\t\t\t\t<p>Proveden\u00ed\n\t\t\t\t<\/p><\/strong>\n\t\t<\/h2>\n\t\t<p><span class=\"wpcf7-form-control-wrap\" data-name=\"provedeni\"><select class=\"wpcf7-form-control wpcf7-select\" aria-invalid=\"false\" name=\"provedeni\"><option value=\"bez prysky\u0159ice\">bez prysky\u0159ice<\/option><option value=\"s prysky\u0159ic\u00ed-3D\">s prysky\u0159ic\u00ed-3D<\/option><\/select><\/span>\n\t\t<\/p>\n\t<\/div>\n\t<div class=\"col-3\">\n\t\t<h2><strong>\n\t\t\t\t<p>Typ tisku\n\t\t\t\t<\/p><\/strong>\n\t\t<\/h2>\n\t\t<p><span class=\"wpcf7-form-control-wrap\" data-name=\"typ_tisku\"><select class=\"wpcf7-form-control wpcf7-select\" aria-invalid=\"false\" name=\"typ_tisku\"><option value=\"CMYK\">CMYK<\/option><option value=\"s\u00edtotisk 1b\">s\u00edtotisk 1b<\/option><option value=\"s\u00edtotisk 2b\">s\u00edtotisk 2b<\/option><option value=\"s\u00edtotisk 3b\">s\u00edtotisk 3b<\/option><option value=\"s\u00edtotisk 4b\">s\u00edtotisk 4b<\/option><\/select><\/span>\n\t\t<\/p>\n\t<\/div>\n\t<div class=\"col-3\">\n\t\t<p>Rozm\u011br etikety v mm<br \/>\n<span class=\"wpcf7-form-control-wrap\" data-name=\"rozmer\"><input size=\"40\" maxlength=\"400\" class=\"wpcf7-form-control wpcf7-text wpcf7-validates-as-required\" aria-required=\"true\" aria-invalid=\"false\" value=\"\" type=\"text\" name=\"rozmer\" \/><\/span>\n\t\t<\/p>\n\t<\/div>\n\t<div class=\"col-3\">\n\t\t<p>Po\u010det kus\u016f 1<br \/>\n<span class=\"wpcf7-form-control-wrap\" data-name=\"pocet_kusu_1\"><input size=\"40\" maxlength=\"400\" class=\"wpcf7-form-control wpcf7-text wpcf7-validates-as-required\" aria-required=\"true\" aria-invalid=\"false\" value=\"\" type=\"text\" name=\"pocet_kusu_1\" \/><\/span>\n\t\t<\/p>\n\t<\/div>\n\t<div class=\"col-3\">\n\t\t<p>Po\u010det kus\u016f 2<br \/>\n<span class=\"wpcf7-form-control-wrap\" data-name=\"pocet_kusu_2\"><input size=\"40\" maxlength=\"400\" class=\"wpcf7-form-control wpcf7-text\" aria-invalid=\"false\" value=\"\" type=\"text\" name=\"pocet_kusu_2\" \/><\/span>\n\t\t<\/p>\n\t<\/div>\n\t<div class=\"col-3\">\n\t\t<p>Po\u010det kus\u016f 3<br \/>\n<span class=\"wpcf7-form-control-wrap\" data-name=\"pocet_kusu_3\"><input size=\"40\" maxlength=\"400\" class=\"wpcf7-form-control wpcf7-text\" aria-invalid=\"false\" value=\"\" type=\"text\" name=\"pocet_kusu_3\" \/><\/span>\n\t\t<\/p>\n\t<\/div>\n\t<div class=\"col-12\">\n\t\t<p>&nbsp;\n\t\t<\/p>\n\t<\/div>\n\t<div class=\"col-12\">\n\t\t<p><span class=\"wpcf7-form-control-wrap\" data-name=\"poznamky\"><textarea cols=\"80\" rows=\"4\" maxlength=\"2000\" class=\"wpcf7-form-control wpcf7-textarea\" aria-invalid=\"false\" placeholder=\"poznamky\" name=\"poznamky\"><\/textarea><\/span>\n\t\t<\/p>\n\t<\/div>\n\t<div class=\"col-12\">\n\t\t<h4><strong>\n\t\t\t\t<p>Zde m\u016f\u017eete p\u0159ipojit soubor\n\t\t\t\t<\/p><\/strong>\n\t\t<\/h4>\n\t<\/div>\n\t<div class=\"col-12\">\n\t\t<p><span class=\"wpcf7-form-control-wrap\" data-name=\"soubor_1\"><input size=\"40\" class=\"wpcf7-form-control wpcf7-file\" accept=\".jpg,.jpeg,.png,.gif,.pdf,.doc,.docx,.tif,.ai,.cdr\" aria-invalid=\"false\" type=\"file\" name=\"soubor_1\" \/><\/span>\n\t\t<\/p>\n\t<\/div>\n\t<div class=\"col-12\">\n\t\t<p><input class=\"wpcf7-form-control wpcf7-submit has-spinner\" type=\"submit\" value=\"Odeslat\" \/>\n\t\t<\/p>\n\t<\/div>\n<\/div><div class=\"wpcf7-response-output\" aria-hidden=\"true\"><\/div>\n<\/form>\n<\/div>\n[\/vc_column][\/vc_row]\n<\/div>","protected":false},"excerpt":{"rendered":"<p>[vc_row][vc_column][vc_empty_space height=&#8220;30px&#8220;][\/vc_column][\/vc_row][vc_row][vc_column][vc_text_separator title=&#8220;POPT\u00c1VKA&#8220; i_icon_fontawesome=&#8220;fa fa-calculator&#8220; color=&#8220;custom&#8220; style=&#8220;double&#8220; border_width=&#8220;2&#8243; add_icon=&#8220;true&#8220; accent_color=&#8220;#ff7c3a&#8220; css=&#8220;.vc_custom_1454114023757{margin-top: 20px !important;}&#8220;][\/vc_column][\/vc_row][vc_row][vc_column][\/vc_column][\/vc_row]<\/p>\n","protected":false},"author":1,"featured_media":0,"parent":0,"menu_order":0,"comment_status":"open","ping_status":"open","template":"","meta":{"footnotes":""},"class_list":["post-5082","page","type-page","status-publish","hentry"],"_links":{"self":[{"href":"https:\/\/logoprint.cz\/index.php?rest_route=\/wp\/v2\/pages\/5082"}],"collection":[{"href":"https:\/\/logoprint.cz\/index.php?rest_route=\/wp\/v2\/pages"}],"about":[{"href":"https:\/\/logoprint.cz\/index.php?rest_route=\/wp\/v2\/types\/page"}],"author":[{"embeddable":true,"href":"https:\/\/logoprint.cz\/index.php?rest_route=\/wp\/v2\/users\/1"}],"replies":[{"embeddable":true,"href":"https:\/\/logoprint.cz\/index.php?rest_route=%2Fwp%2Fv2%2Fcomments&post=5082"}],"version-history":[{"count":5,"href":"https:\/\/logoprint.cz\/index.php?rest_route=\/wp\/v2\/pages\/5082\/revisions"}],"predecessor-version":[{"id":5352,"href":"https:\/\/logoprint.cz\/index.php?rest_route=\/wp\/v2\/pages\/5082\/revisions\/5352"}],"wp:attachment":[{"href":"https:\/\/logoprint.cz\/index.php?rest_route=%2Fwp%2Fv2%2Fmedia&parent=5082"}],"curies":[{"name":"wp","href":"https:\/\/api.w.org\/{rel}","templated":true}]}}