{"id":5078,"date":"2015-06-02T01:28:15","date_gmt":"2015-06-02T01:28:15","guid":{"rendered":"http:\/\/doming.ca\/logoprint\/?page_id=5078"},"modified":"2017-10-30T23:39:57","modified_gmt":"2017-10-30T23:39:57","slug":"klicenky","status":"publish","type":"page","link":"https:\/\/logoprint.cz\/?page_id=5078","title":{"rendered":"Kl\u00ed\u010denky"},"content":{"rendered":"<div class=\"wpb-content-wrapper\">[vc_row full_height=&#8220;yes&#8220; parallax=&#8220;yes&#8220; fullwidth=&#8220;yes&#8220; bg_type=&#8220;bg_image&#8220; top_margin=&#8220;-330&#8243; bottom_margin=&#8220;0&#8243; image_url=&#8220;5281&#8243;][vc_column][\/vc_column][\/vc_row][vc_row][vc_column]<div class=\"shortcode-wrapper shortcode-callout clearfix\"><div class=\"hb-callout-box\"><h3 class=\"clear-r-margin\">Kl\u00ed\u010denky vyr\u00e1b\u00edme a dod\u00e1v\u00e1me v t\u011bchto typov\u00fdch \u0159ad\u00e1ch:<\/p>\n<p>Celokovov\u00e1 s\u00a0oboustrann\u00fdm proveden\u00edm: do kovov\u00e9ho komponentu s karabinkou nebo krou\u017ekem je z obou stran vlepena plastick\u00e1 3D etiketa \u2013 logoprint.<\/p>\n<p>Z\u00e1kaznick\u00fd tvar kl\u00ed\u010denky spl\u0148uj\u00edc\u00ed p\u0159esn\u011b p\u0159edstavu z\u00e1kazn\u00edka: Kovov\u00fd komponent, oboustrann\u011b opat\u0159en\u00fd logoprintem, je do po\u017eadovan\u00e9ho tvaru vy\u0159ez\u00e1n laserem. Mo\u017enost volby zav\u011b\u0161en\u00ed: krou\u017eek nebo karabina.<\/p>\n<p>3D p\u0159\u00edv\u011bsek je kl\u00ed\u010denka odoln\u00e1 proti jak\u00e9mukoliv typu po\u0161kozen\u00ed, po\u0161kr\u00e1b\u00e1n\u00ed, od\u0159en\u00ed. Produkt nen\u00ed nutno vyu\u017e\u00edvat pouze jako kl\u00ed\u010denku, m\u016f\u017ee b\u00fdt nap\u0159. visa\u010dkou na od\u011bvech, exkluzivn\u00ed obuvi, zipu batoh\u016f, ta\u0161ek atd. Na rozd\u00edl od kovov\u00fdch kl\u00ed\u010denek, u 3D p\u0159\u00edv\u011bsku nejste omezeni tvarem, vyrob\u00edme t\u00e9m\u011b\u0159 jak\u00fdkoliv tvar. 3D p\u0159\u00edv\u011bsky dod\u00e1v\u00e1me standardn\u011b s\u00a0kuli\u010dkov\u00fdm \u0159et\u00edzkem, na p\u0159\u00e1n\u00ed z\u00e1kazn\u00edka m\u016f\u017eeme kl\u00ed\u010denku vyrobit s\u00a0krou\u017ekem na kl\u00ed\u010de \u010di karabinou.<\/h3><\/div><\/div>[vc_empty_space height=&#8220;30px&#8220;][\/vc_column][\/vc_row][vc_row][vc_column]\n<div class=\"wpcf7 no-js\" id=\"wpcf7-f5212-o1\" lang=\"cs-CZ\" dir=\"ltr\">\n<div class=\"screen-reader-response\"><p role=\"status\" aria-live=\"polite\" aria-atomic=\"true\"><\/p> <ul><\/ul><\/div>\n<form action=\"\/index.php?rest_route=%2Fwp%2Fv2%2Fpages%2F5078#wpcf7-f5212-o1\" method=\"post\" class=\"wpcf7-form init\" aria-label=\"Kontaktn\u00ed formul\u00e1\u0159\" enctype=\"multipart\/form-data\" novalidate=\"novalidate\" data-status=\"init\">\n<div style=\"display: none;\">\n<input type=\"hidden\" name=\"_wpcf7\" value=\"5212\" \/>\n<input type=\"hidden\" name=\"_wpcf7_version\" value=\"5.9.8\" \/>\n<input type=\"hidden\" name=\"_wpcf7_locale\" value=\"cs_CZ\" \/>\n<input type=\"hidden\" name=\"_wpcf7_unit_tag\" value=\"wpcf7-f5212-o1\" \/>\n<input type=\"hidden\" name=\"_wpcf7_container_post\" value=\"0\" \/>\n<input type=\"hidden\" name=\"_wpcf7_posted_data_hash\" value=\"\" \/>\n<input type=\"hidden\" name=\"_wpcf7_recaptcha_response\" value=\"\" \/>\n<\/div>\n<div class=\"row clearfix\">\n\t<div class=\"col-4\">\n\t\t<p>N\u00e1zev firmy; Va\u0161e jm\u00e9no (vy\u017eadov\u00e1no)\n\t\t<\/p>\n\t\t<p><span class=\"wpcf7-form-control-wrap\" data-name=\"your-name\"><input size=\"40\" maxlength=\"400\" class=\"wpcf7-form-control wpcf7-text wpcf7-validates-as-required\" aria-required=\"true\" aria-invalid=\"false\" value=\"\" type=\"text\" name=\"your-name\" \/><\/span>\n\t\t<\/p>\n\t<\/div>\n\t<div class=\"col-4\">\n\t\t<p>V\u00e1\u0161 email (vy\u017eadov\u00e1no)\n\t\t<\/p>\n\t\t<p><span class=\"wpcf7-form-control-wrap\" data-name=\"your-email\"><input size=\"40\" maxlength=\"400\" class=\"wpcf7-form-control wpcf7-email wpcf7-validates-as-required wpcf7-text wpcf7-validates-as-email\" aria-required=\"true\" aria-invalid=\"false\" value=\"\" type=\"email\" name=\"your-email\" \/><\/span>\n\t\t<\/p>\n\t<\/div>\n\t<div class=\"col-4\">\n\t\t<p>Telefon\n\t\t<\/p>\n\t\t<p><span class=\"wpcf7-form-control-wrap\" data-name=\"your-phone\"><input size=\"40\" maxlength=\"400\" class=\"wpcf7-form-control wpcf7-text\" aria-invalid=\"false\" value=\"\" type=\"text\" name=\"your-phone\" \/><\/span>\n\t\t<\/p>\n\t<\/div>\n\t<div class=\"col-3\">\n\t\t<h2><strong>\n\t\t\t\t<p>Rekl. p\u0159edm\u011bt\n\t\t\t\t<\/p><\/strong>\n\t\t<\/h2>\n\t\t<p><span class=\"wpcf7-form-control-wrap\" data-name=\"typ_rekl_predm\"><select class=\"wpcf7-form-control wpcf7-select\" aria-invalid=\"false\" name=\"typ_rekl_predm\"><option value=\"kl\u00ed\u010denky kovov\u00e9\">kl\u00ed\u010denky kovov\u00e9<\/option><option value=\"kl\u00ed\u010denky 3D NK\">kl\u00ed\u010denky 3D NK<\/option><option value=\"magnetky\">magnetky<\/option><option value=\"placky 38mm\">placky 38mm<\/option><option value=\"placky 57mm\">placky 57mm<\/option><option value=\"odznaky\">odznaky<\/option><option value=\"EasyStick\">EasyStick<\/option><\/select><\/span>\n\t\t<\/p>\n\t<\/div>\n\t<div class=\"col-3\">\n\t\t<h2><strong>\n\t\t\t\t<p>Tvar\n\t\t\t\t<\/p><\/strong>\n\t\t<\/h2>\n\t\t<p><span class=\"wpcf7-form-control-wrap\" data-name=\"tvar_rekl\"><select class=\"wpcf7-form-control wpcf7-select\" aria-invalid=\"false\" name=\"tvar_rekl\"><option value=\"\u010dtverec\">\u010dtverec<\/option><option value=\"obdeln\u00edk\">obdeln\u00edk<\/option><option value=\"kruh\">kruh<\/option><option value=\"elipsa\">elipsa<\/option><option value=\"jin\u00fd\">jin\u00fd<\/option><\/select><\/span>\n\t\t<\/p>\n\t<\/div>\n\t<div class=\"col-3\">\n\t\t<h2><strong>\n\t\t\t\t<p>Proveden\u00ed\n\t\t\t\t<\/p><\/strong>\n\t\t<\/h2>\n\t\t<p><span class=\"wpcf7-form-control-wrap\" data-name=\"provedeni\"><select class=\"wpcf7-form-control wpcf7-select\" aria-invalid=\"false\" name=\"provedeni\"><option value=\"bez prysky\u0159ice\">bez prysky\u0159ice<\/option><option value=\"s prysky\u0159ic\u00ed-3D\">s prysky\u0159ic\u00ed-3D<\/option><\/select><\/span>\n\t\t<\/p>\n\t<\/div>\n\t<div class=\"col-3\">\n\t\t<h2><strong>\n\t\t\t\t<p>Typ tisku\n\t\t\t\t<\/p><\/strong>\n\t\t<\/h2>\n\t\t<p><span class=\"wpcf7-form-control-wrap\" data-name=\"typ_tisku\"><select class=\"wpcf7-form-control wpcf7-select\" aria-invalid=\"false\" name=\"typ_tisku\"><option value=\"CMYK\">CMYK<\/option><option value=\"s\u00edtotisk 1b\">s\u00edtotisk 1b<\/option><option value=\"s\u00edtotisk 2b\">s\u00edtotisk 2b<\/option><option value=\"s\u00edtotisk 3b\">s\u00edtotisk 3b<\/option><option value=\"s\u00edtotisk 4b\">s\u00edtotisk 4b<\/option><\/select><\/span>\n\t\t<\/p>\n\t<\/div>\n\t<div class=\"col-3\">\n\t\t<p>Rozm\u011br etikety v mm<br \/>\n<span class=\"wpcf7-form-control-wrap\" data-name=\"rozmer\"><input size=\"40\" maxlength=\"400\" class=\"wpcf7-form-control wpcf7-text wpcf7-validates-as-required\" aria-required=\"true\" aria-invalid=\"false\" value=\"\" type=\"text\" name=\"rozmer\" \/><\/span>\n\t\t<\/p>\n\t<\/div>\n\t<div class=\"col-3\">\n\t\t<p>Po\u010det kus\u016f 1<br \/>\n<span class=\"wpcf7-form-control-wrap\" data-name=\"pocet_kusu_1\"><input size=\"40\" maxlength=\"400\" class=\"wpcf7-form-control wpcf7-text wpcf7-validates-as-required\" aria-required=\"true\" aria-invalid=\"false\" value=\"\" type=\"text\" name=\"pocet_kusu_1\" \/><\/span>\n\t\t<\/p>\n\t<\/div>\n\t<div class=\"col-3\">\n\t\t<p>Po\u010det kus\u016f 2<br \/>\n<span class=\"wpcf7-form-control-wrap\" data-name=\"pocet_kusu_2\"><input size=\"40\" maxlength=\"400\" class=\"wpcf7-form-control wpcf7-text\" aria-invalid=\"false\" value=\"\" type=\"text\" name=\"pocet_kusu_2\" \/><\/span>\n\t\t<\/p>\n\t<\/div>\n\t<div class=\"col-3\">\n\t\t<p>Po\u010det kus\u016f 3<br \/>\n<span class=\"wpcf7-form-control-wrap\" data-name=\"pocet_kusu_3\"><input size=\"40\" maxlength=\"400\" class=\"wpcf7-form-control wpcf7-text\" aria-invalid=\"false\" value=\"\" type=\"text\" name=\"pocet_kusu_3\" \/><\/span>\n\t\t<\/p>\n\t<\/div>\n\t<div class=\"col-12\">\n\t\t<p>&nbsp;\n\t\t<\/p>\n\t<\/div>\n\t<div class=\"col-12\">\n\t\t<p><span class=\"wpcf7-form-control-wrap\" data-name=\"poznamky\"><textarea cols=\"80\" rows=\"4\" maxlength=\"2000\" class=\"wpcf7-form-control wpcf7-textarea\" aria-invalid=\"false\" placeholder=\"poznamky\" name=\"poznamky\"><\/textarea><\/span>\n\t\t<\/p>\n\t<\/div>\n\t<div class=\"col-12\">\n\t\t<h4><strong>\n\t\t\t\t<p>Zde m\u016f\u017eete p\u0159ipojit soubor\n\t\t\t\t<\/p><\/strong>\n\t\t<\/h4>\n\t<\/div>\n\t<div class=\"col-12\">\n\t\t<p><span class=\"wpcf7-form-control-wrap\" data-name=\"soubor_1\"><input size=\"40\" class=\"wpcf7-form-control wpcf7-file\" accept=\".jpg,.jpeg,.png,.gif,.pdf,.doc,.docx,.tif,.ai,.cdr\" aria-invalid=\"false\" type=\"file\" name=\"soubor_1\" \/><\/span>\n\t\t<\/p>\n\t<\/div>\n\t<div class=\"col-12\">\n\t\t<p><input class=\"wpcf7-form-control wpcf7-submit has-spinner\" type=\"submit\" value=\"Odeslat\" \/>\n\t\t<\/p>\n\t<\/div>\n<\/div><div class=\"wpcf7-response-output\" aria-hidden=\"true\"><\/div>\n<\/form>\n<\/div>\n[\/vc_column][\/vc_row]\n<\/div>","protected":false},"excerpt":{"rendered":"<p>[vc_row full_height=&#8220;yes&#8220; parallax=&#8220;yes&#8220; fullwidth=&#8220;yes&#8220; bg_type=&#8220;bg_image&#8220; top_margin=&#8220;-330&#8243; bottom_margin=&#8220;0&#8243; image_url=&#8220;5281&#8243;][vc_column][\/vc_column][\/vc_row][vc_row][vc_column][vc_empty_space height=&#8220;30px&#8220;][\/vc_column][\/vc_row][vc_row][vc_column][\/vc_column][\/vc_row]<\/p>\n","protected":false},"author":1,"featured_media":0,"parent":0,"menu_order":0,"comment_status":"open","ping_status":"open","template":"","meta":{"footnotes":""},"class_list":["post-5078","page","type-page","status-publish","hentry"],"_links":{"self":[{"href":"https:\/\/logoprint.cz\/index.php?rest_route=\/wp\/v2\/pages\/5078"}],"collection":[{"href":"https:\/\/logoprint.cz\/index.php?rest_route=\/wp\/v2\/pages"}],"about":[{"href":"https:\/\/logoprint.cz\/index.php?rest_route=\/wp\/v2\/types\/page"}],"author":[{"embeddable":true,"href":"https:\/\/logoprint.cz\/index.php?rest_route=\/wp\/v2\/users\/1"}],"replies":[{"embeddable":true,"href":"https:\/\/logoprint.cz\/index.php?rest_route=%2Fwp%2Fv2%2Fcomments&post=5078"}],"version-history":[{"count":11,"href":"https:\/\/logoprint.cz\/index.php?rest_route=\/wp\/v2\/pages\/5078\/revisions"}],"predecessor-version":[{"id":5310,"href":"https:\/\/logoprint.cz\/index.php?rest_route=\/wp\/v2\/pages\/5078\/revisions\/5310"}],"wp:attachment":[{"href":"https:\/\/logoprint.cz\/index.php?rest_route=%2Fwp%2Fv2%2Fmedia&parent=5078"}],"curies":[{"name":"wp","href":"https:\/\/api.w.org\/{rel}","templated":true}]}}