{"id":5072,"date":"2015-06-02T01:26:18","date_gmt":"2015-06-02T01:26:18","guid":{"rendered":"http:\/\/doming.ca\/logoprint\/?page_id=5072"},"modified":"2017-10-27T20:56:28","modified_gmt":"2017-10-27T20:56:28","slug":"sitotisk","status":"publish","type":"page","link":"https:\/\/logoprint.cz\/?page_id=5072","title":{"rendered":"S\u00edtotisk"},"content":{"rendered":"<div class=\"wpb-content-wrapper\">[vc_row][vc_column]<div class=\"shortcode-wrapper shortcode-callout clearfix\"><div class=\"hb-callout-box\"><h3 class=\"clear-r-margin\">Jako p\u0159\u00edm\u00fd v\u00fdrobce plastick\u00fdch etiket s kompletn\u00ed technologi\u00ed nab\u00edz\u00edme novinku &#8211; 3D logoprint p\u0159esn\u011b kop\u00edruj\u00edc\u00ed tvar.<\/p>\n<p>Etikety &#8222;zalit\u00e9&#8220; speci\u00e1ln\u00ed prysky\u0159ic\u00ed jsou na trhu zn\u00e1my ji\u017e n\u011bkolik let. Jako jedin\u00ed v \u010cR je v\u0161ak na\u0161e firma schopna zal\u00edt i linku tenkou pouh\u00e9 2 mm, co\u017e umo\u017e\u0148uje v 3D form\u011b<br \/>\nzpracovat tak n\u00e1ro\u010dnou grafiku, jako jsou texty, komplikovan\u011b tvarovan\u00e1 loga, otvory pro ovl\u00e1dac\u00ed<br \/>\nprvky \u010di tla\u010d\u00edtka.<\/p>\n<p>Tato technologie dod\u00e1 logu, n\u00e1pisu, grafice skute\u010dn\u011b exkluzivn\u00ed vzhled, nemluv\u011b o vlastnostech jako je odolnost proti po\u0161kr\u00e1b\u00e1n\u00ed nebo odstran\u011bn\u00ed, rozm\u011brov\u00e1 i barevn\u00e1 st\u00e1lost jak v interi\u00e9ru, tak exteri\u00e9ru, vodovzdornost \u010di pru\u017enost kop\u00edruj\u00edc\u00ed zaoblen\u00ed podkladu.<\/p>\n<p>Dal\u0161\u00ed netradi\u010dn\u00ed mo\u017enosti vyu\u017eit\u00ed technologie Mikroprint:<br \/>\n&#8211; aromatizovan\u00e1 prysky\u0159ice, mo\u017enost volby z\u00e1kaznick\u00e9 v\u016fn\u011b etikety<br \/>\n(nap\u0159. k\u00e1va, vanilka, kv\u011btiny, pepermint, tab\u00e1k&#8230;)<br \/>\n&#8211; fluorescentn\u00ed prysky\u0159ice, etiketa po nasv\u00edcen\u00ed n\u011bkolik hodin<br \/>\nsv\u011bt\u00e9lkuje (princip hodinov\u00fdch ru\u010di\u010dek)<br \/>\n&#8211; tepeln\u011b aktivn\u00ed prysky\u0159ice, m\u011bn\u00edc\u00ed p\u0159i tepeln\u00fdch v\u00fdkyvech svou<br \/>\nbarevnost<\/p>\n<p>Technologie Mikroprint je v mnoha p\u0159\u00edpadech zcela plnohodnotnou n\u00e1hradou za celokovov\u00e9 \u010di z plastu tv\u00e1\u0159en\u00e9 n\u00e1pisy, dnes s oblibou pou\u017e\u00edvan\u00e9 nap\u0159\u00edklad na karoserie aut, bez nutnosti v\u00fdroby slo\u017eit\u00e9 a finan\u010dn\u011b n\u00e1ro\u010dn\u00e9 vst\u0159ikovac\u00ed formy.<\/p>\n<p>Cenu sd\u011bl\u00edme obratem na vy\u017e\u00e1d\u00e1n\u00ed.<br \/>\nKontaktujte n\u00e1s, pros\u00edm, telefonicky nebo e-mailem<\/h3><\/div><\/div>[vc_empty_space height=&#8220;30px&#8220;][\/vc_column][\/vc_row][vc_row][vc_column]\n<div class=\"wpcf7 no-js\" id=\"wpcf7-f5208-o1\" lang=\"cs-CZ\" dir=\"ltr\">\n<div class=\"screen-reader-response\"><p role=\"status\" aria-live=\"polite\" aria-atomic=\"true\"><\/p> <ul><\/ul><\/div>\n<form action=\"\/index.php?rest_route=%2Fwp%2Fv2%2Fpages%2F5072#wpcf7-f5208-o1\" method=\"post\" class=\"wpcf7-form init\" aria-label=\"Kontaktn\u00ed formul\u00e1\u0159\" enctype=\"multipart\/form-data\" novalidate=\"novalidate\" data-status=\"init\">\n<div style=\"display: none;\">\n<input type=\"hidden\" name=\"_wpcf7\" value=\"5208\" \/>\n<input type=\"hidden\" name=\"_wpcf7_version\" value=\"5.9.8\" \/>\n<input type=\"hidden\" name=\"_wpcf7_locale\" value=\"cs_CZ\" \/>\n<input type=\"hidden\" name=\"_wpcf7_unit_tag\" value=\"wpcf7-f5208-o1\" \/>\n<input type=\"hidden\" name=\"_wpcf7_container_post\" value=\"0\" \/>\n<input type=\"hidden\" name=\"_wpcf7_posted_data_hash\" value=\"\" \/>\n<input type=\"hidden\" name=\"_wpcf7_recaptcha_response\" value=\"\" \/>\n<\/div>\n<div class=\"row clearfix\">\n\t<div class=\"col-4\">\n\t\t<p>N\u00e1zev firmy; Va\u0161e jm\u00e9no (vy\u017eadov\u00e1no)\n\t\t<\/p>\n\t\t<p><span class=\"wpcf7-form-control-wrap\" data-name=\"your-name\"><input size=\"40\" maxlength=\"400\" class=\"wpcf7-form-control wpcf7-text wpcf7-validates-as-required\" aria-required=\"true\" aria-invalid=\"false\" value=\"\" type=\"text\" name=\"your-name\" \/><\/span>\n\t\t<\/p>\n\t<\/div>\n\t<div class=\"col-4\">\n\t\t<p>V\u00e1\u0161 email (vy\u017eadov\u00e1no)\n\t\t<\/p>\n\t\t<p><span class=\"wpcf7-form-control-wrap\" data-name=\"your-email\"><input size=\"40\" maxlength=\"400\" class=\"wpcf7-form-control wpcf7-email wpcf7-validates-as-required wpcf7-text wpcf7-validates-as-email\" aria-required=\"true\" aria-invalid=\"false\" value=\"\" type=\"email\" name=\"your-email\" \/><\/span>\n\t\t<\/p>\n\t<\/div>\n\t<div class=\"col-4\">\n\t\t<p>Telefon\n\t\t<\/p>\n\t\t<p><span class=\"wpcf7-form-control-wrap\" data-name=\"your-phone\"><input size=\"40\" maxlength=\"400\" class=\"wpcf7-form-control wpcf7-text\" aria-invalid=\"false\" value=\"\" type=\"text\" name=\"your-phone\" \/><\/span>\n\t\t<\/p>\n\t<\/div>\n\t<div class=\"col-3\">\n\t\t<h2><strong>\n\t\t\t\t<p>Typ etikety\n\t\t\t\t<\/p><\/strong>\n\t\t<\/h2>\n\t\t<p><span class=\"wpcf7-form-control-wrap\" data-name=\"typ_samolepky\"><select class=\"wpcf7-form-control wpcf7-select\" aria-invalid=\"false\" name=\"typ_samolepky\"><option value=\"kolm\u00e9 rohy\">kolm\u00e9 rohy<\/option><option value=\"kulat\u00e9 rohy (v archu)\">kulat\u00e9 rohy (v archu)<\/option><option value=\"kulat\u00e9 rohy (na kusy)\">kulat\u00e9 rohy (na kusy)<\/option><\/select><\/span>\n\t\t<\/p>\n\t<\/div>\n\t<div class=\"col-3\">\n\t\t<h2><strong>\n\t\t\t\t<p>Tvar etikety\n\t\t\t\t<\/p><\/strong>\n\t\t<\/h2>\n\t\t<p><span class=\"wpcf7-form-control-wrap\" data-name=\"tvar_samolepky\"><select class=\"wpcf7-form-control wpcf7-select\" aria-invalid=\"false\" name=\"tvar_samolepky\"><option value=\"\u010dtverec\">\u010dtverec<\/option><option value=\"obdeln\u00edk\">obdeln\u00edk<\/option><option value=\"kruh\">kruh<\/option><option value=\"elipsa\">elipsa<\/option><option value=\"jin\u00fd\">jin\u00fd<\/option><\/select><\/span>\n\t\t<\/p>\n\t<\/div>\n\t<div class=\"col-3\">\n\t\t<h2><strong>\n\t\t\t\t<p>Materi\u00e1l-f\u00f3lie\n\t\t\t\t<\/p><\/strong>\n\t\t<\/h2>\n\t\t<p><span class=\"wpcf7-form-control-wrap\" data-name=\"material\"><select class=\"wpcf7-form-control wpcf7-select\" aria-invalid=\"false\" name=\"material\"><option value=\"b\u00edl\u00e1\/transparentn\u00ed\">b\u00edl\u00e1\/transparentn\u00ed<\/option><option value=\"st\u0159\u00edbrn\u00e1\/zlat\u00e1\">st\u0159\u00edbrn\u00e1\/zlat\u00e1<\/option><option value=\"siln\u011b lep\u00edci\">siln\u011b lep\u00edci<\/option><option value=\"extra lep\u00edci\">extra lep\u00edci<\/option><option value=\"plast (Lexan)\">plast (Lexan)<\/option><\/select><\/span>\n\t\t<\/p>\n\t<\/div>\n\t<div class=\"col-3\">\n\t\t<h2><strong>\n\t\t\t\t<p>Typ tisku\n\t\t\t\t<\/p><\/strong>\n\t\t<\/h2>\n\t\t<p><span class=\"wpcf7-form-control-wrap\" data-name=\"tisk\"><select class=\"wpcf7-form-control wpcf7-select\" aria-invalid=\"false\" name=\"tisk\"><option value=\"CMYK\">CMYK<\/option><option value=\"CMYK+b\u00edl\u00e1\">CMYK+b\u00edl\u00e1<\/option><option value=\"s\u00edtotisk 1b\">s\u00edtotisk 1b<\/option><option value=\"s\u00edtotisk 2b\">s\u00edtotisk 2b<\/option><option value=\"s\u00edtotisk 3b\">s\u00edtotisk 3b<\/option><option value=\"s\u00edtotisk 4b\">s\u00edtotisk 4b<\/option><\/select><\/span>\n\t\t<\/p>\n\t<\/div>\n\t<div class=\"col-3\">\n\t\t<p>Rozm\u011br etikety v mm<br \/>\n<span class=\"wpcf7-form-control-wrap\" data-name=\"rozmer\"><input size=\"40\" maxlength=\"400\" class=\"wpcf7-form-control wpcf7-text wpcf7-validates-as-required\" aria-required=\"true\" aria-invalid=\"false\" value=\"\" type=\"text\" name=\"rozmer\" \/><\/span>\n\t\t<\/p>\n\t<\/div>\n\t<div class=\"col-3\">\n\t\t<p>Po\u010det kus\u016f 1<br \/>\n<span class=\"wpcf7-form-control-wrap\" data-name=\"pocet_kusu_1\"><input size=\"40\" maxlength=\"400\" class=\"wpcf7-form-control wpcf7-text wpcf7-validates-as-required\" aria-required=\"true\" aria-invalid=\"false\" value=\"\" type=\"text\" name=\"pocet_kusu_1\" \/><\/span>\n\t\t<\/p>\n\t<\/div>\n\t<div class=\"col-3\">\n\t\t<p>Po\u010det kus\u016f 2<br \/>\n<span class=\"wpcf7-form-control-wrap\" data-name=\"pocet_kusu_2\"><input size=\"40\" maxlength=\"400\" class=\"wpcf7-form-control wpcf7-text\" aria-invalid=\"false\" value=\"\" type=\"text\" name=\"pocet_kusu_2\" \/><\/span>\n\t\t<\/p>\n\t<\/div>\n\t<div class=\"col-3\">\n\t\t<p>Po\u010det kus\u016f 3<br \/>\n<span class=\"wpcf7-form-control-wrap\" data-name=\"pocet_kusu_3\"><input size=\"40\" maxlength=\"400\" class=\"wpcf7-form-control wpcf7-text\" aria-invalid=\"false\" value=\"\" type=\"text\" name=\"pocet_kusu_3\" \/><\/span>\n\t\t<\/p>\n\t<\/div>\n\t<div class=\"col-12\">\n\t\t<p>&nbsp;\n\t\t<\/p>\n\t<\/div>\n\t<div class=\"col-12\">\n\t\t<p><span class=\"wpcf7-form-control-wrap\" data-name=\"poznamky\"><textarea cols=\"80\" rows=\"4\" maxlength=\"2000\" class=\"wpcf7-form-control wpcf7-textarea\" aria-invalid=\"false\" placeholder=\"poznamky\" name=\"poznamky\"><\/textarea><\/span>\n\t\t<\/p>\n\t<\/div>\n\t<div class=\"col-12\">\n\t\t<h4><strong>\n\t\t\t\t<p>Zde m\u016f\u017eete p\u0159ipojit soubor\n\t\t\t\t<\/p><\/strong>\n\t\t<\/h4>\n\t<\/div>\n\t<div class=\"col-12\">\n\t\t<p><span class=\"wpcf7-form-control-wrap\" data-name=\"soubor_1\"><input size=\"40\" class=\"wpcf7-form-control wpcf7-file\" accept=\".jpg,.jpeg,.png,.gif,.pdf,.doc,.docx,.tif,.ai,.cdr\" aria-invalid=\"false\" type=\"file\" name=\"soubor_1\" \/><\/span>\n\t\t<\/p>\n\t<\/div>\n\t<div class=\"col-12\">\n\t\t<p><input class=\"wpcf7-form-control wpcf7-submit has-spinner\" type=\"submit\" value=\"Odeslat\" \/>\n\t\t<\/p>\n\t<\/div>\n<\/div><div class=\"wpcf7-response-output\" aria-hidden=\"true\"><\/div>\n<\/form>\n<\/div>\n[\/vc_column][\/vc_row]\n<\/div>","protected":false},"excerpt":{"rendered":"<p>[vc_row][vc_column][vc_empty_space height=&#8220;30px&#8220;][\/vc_column][\/vc_row][vc_row][vc_column][\/vc_column][\/vc_row]<\/p>\n","protected":false},"author":1,"featured_media":0,"parent":0,"menu_order":0,"comment_status":"open","ping_status":"open","template":"","meta":{"footnotes":""},"class_list":["post-5072","page","type-page","status-publish","hentry"],"_links":{"self":[{"href":"https:\/\/logoprint.cz\/index.php?rest_route=\/wp\/v2\/pages\/5072"}],"collection":[{"href":"https:\/\/logoprint.cz\/index.php?rest_route=\/wp\/v2\/pages"}],"about":[{"href":"https:\/\/logoprint.cz\/index.php?rest_route=\/wp\/v2\/types\/page"}],"author":[{"embeddable":true,"href":"https:\/\/logoprint.cz\/index.php?rest_route=\/wp\/v2\/users\/1"}],"replies":[{"embeddable":true,"href":"https:\/\/logoprint.cz\/index.php?rest_route=%2Fwp%2Fv2%2Fcomments&post=5072"}],"version-history":[{"count":4,"href":"https:\/\/logoprint.cz\/index.php?rest_route=\/wp\/v2\/pages\/5072\/revisions"}],"predecessor-version":[{"id":5341,"href":"https:\/\/logoprint.cz\/index.php?rest_route=\/wp\/v2\/pages\/5072\/revisions\/5341"}],"wp:attachment":[{"href":"https:\/\/logoprint.cz\/index.php?rest_route=%2Fwp%2Fv2%2Fmedia&parent=5072"}],"curies":[{"name":"wp","href":"https:\/\/api.w.org\/{rel}","templated":true}]}}