{"id":5010,"date":"2015-04-03T17:31:50","date_gmt":"2015-04-03T17:31:50","guid":{"rendered":"http:\/\/doming.ca\/logoprint\/?page_id=5010"},"modified":"2017-10-25T21:03:32","modified_gmt":"2017-10-25T21:03:32","slug":"pokus-home","status":"publish","type":"page","link":"https:\/\/logoprint.cz\/","title":{"rendered":"Home Logoprint"},"content":{"rendered":"<div class=\"wpb-content-wrapper\">[vc_row margin_bottom=&#8220;30px&#8220;][vc_column][vc_column_text] \n\t\t\t<!-- START LogoprintHomeSliderBoxed REVOLUTION SLIDER 6.7.17 --><p class=\"rs-p-wp-fix\"><\/p>\n\t\t\t<rs-module-wrap id=\"rev_slider_9_1_wrapper\" data-source=\"gallery\" style=\"visibility:hidden;background:#ffffff;padding:10;margin:0px auto;margin-top:0;margin-bottom:0;\">\n\t\t\t\t<rs-module id=\"rev_slider_9_1\" style=\"\" data-version=\"6.7.17\">\n\t\t\t\t\t<rs-slides style=\"overflow: hidden; position: absolute;\">\n\t\t\t\t\t\t<rs-slide style=\"position: absolute;\" data-key=\"rs-26\" data-title=\"Slide\" data-thumb=\"\/\/logoprint.cz\/wp-content\/uploads\/2015\/04\/Vzornik_1_50-100x50.jpg\" data-anim=\"ms:300;\" data-in=\"y:(-100%);row:7;col:5;\">\n\t\t\t\t\t\t\t<img decoding=\"async\" src=\"\/\/logoprint.cz\/wp-content\/plugins\/revslider\/sr6\/assets\/assets\/dummy.png\" alt=\"\" title=\"Home Logoprint\" class=\"rev-slidebg tp-rs-img rs-lazyload\" data-lazyload=\"\/\/logoprint.cz\/wp-content\/uploads\/2015\/04\/Vzornik_1_50.jpg\" data-bg=\"p:center top;\" data-no-retina>\n<!--\n\t\t\t\t\t\t\t--><rs-layer\n\t\t\t\t\t\t\t\tid=\"slider-9-slide-26-layer-1\" \n\t\t\t\t\t\t\t\tdata-type=\"image\"\n\t\t\t\t\t\t\t\tdata-rsp_ch=\"on\"\n\t\t\t\t\t\t\t\tdata-xy=\"x:27px;y:9px;\"\n\t\t\t\t\t\t\t\tdata-text=\"l:22;\"\n\t\t\t\t\t\t\t\tdata-dim=\"w:334;h:450;\"\n\t\t\t\t\t\t\t\tdata-frame_0=\"y:bottom;o:1;tp:600;\"\n\t\t\t\t\t\t\t\tdata-frame_1=\"tp:600;st:500;sp:1300;\"\n\t\t\t\t\t\t\t\tdata-frame_999=\"st:8999;auto:true;\"\n\t\t\t\t\t\t\t\tstyle=\"z-index:5;\"\n\t\t\t\t\t\t\t><img decoding=\"async\" src=\"\/\/logoprint.cz\/wp-content\/plugins\/revslider\/sr6\/assets\/assets\/dummy.png\" alt=\"\" class=\"tp-rs-img rs-lazyload\" width=\"371\" height=\"500\" data-lazyload=\"\/\/logoprint.cz\/wp-content\/uploads\/2015\/04\/OK_man.png\" data-no-retina> \n\t\t\t\t\t\t\t<\/rs-layer><!--\n\n\t\t\t\t\t\t\t--><rs-layer\n\t\t\t\t\t\t\t\tid=\"slider-9-slide-26-layer-2\" \n\t\t\t\t\t\t\t\tclass=\"very_large_text\"\n\t\t\t\t\t\t\t\tdata-type=\"text\"\n\t\t\t\t\t\t\t\tdata-color=\"rgba(255,255,255,1)\"\n\t\t\t\t\t\t\t\tdata-rsp_ch=\"on\"\n\t\t\t\t\t\t\t\tdata-xy=\"x:582px;y:62px;\"\n\t\t\t\t\t\t\t\tdata-text=\"s:60;l:60;fw:700;\"\n\t\t\t\t\t\t\t\tdata-frame_0=\"sX:0.75;sY:0.75;tp:600;\"\n\t\t\t\t\t\t\t\tdata-frame_1=\"tp:600;e:power4.out;st:800;sp:500;\"\n\t\t\t\t\t\t\t\tdata-frame_999=\"st:8999;auto:true;\"\n\t\t\t\t\t\t\t\tstyle=\"z-index:6;font-family:'Arial';position:absolute;text-shadow:0px 2px 5px rgba(0, 0, 0, 0.5);margin:0px;white-space:nowrap;letter-spacing:-2px;\"\n\t\t\t\t\t\t\t> <strong>Vyr\u00e1b\u00edme<\/strong> \n\t\t\t\t\t\t\t<\/rs-layer><!--\n\n\t\t\t\t\t\t\t--><rs-layer\n\t\t\t\t\t\t\t\tid=\"slider-9-slide-26-layer-3\" \n\t\t\t\t\t\t\t\tclass=\"small_bg_white\"\n\t\t\t\t\t\t\t\tdata-type=\"text\"\n\t\t\t\t\t\t\t\tdata-color=\"rgba(52,73,94,1)\"\n\t\t\t\t\t\t\t\tdata-rsp_ch=\"on\"\n\t\t\t\t\t\t\t\tdata-xy=\"x:632px;y:142px;\"\n\t\t\t\t\t\t\t\tdata-text=\"s:16;l:16;\"\n\t\t\t\t\t\t\t\tdata-padding=\"t:7;r:7;b:7;l:7;\"\n\t\t\t\t\t\t\t\tdata-frame_0=\"x:-200px;skX:85px;tp:600;\"\n\t\t\t\t\t\t\t\tdata-frame_1=\"tp:600;e:back.out;st:1300;sp:500;\"\n\t\t\t\t\t\t\t\tdata-frame_999=\"st:8999;auto:true;\"\n\t\t\t\t\t\t\t\tstyle=\"z-index:7;background-color:rgba(255,255,255,1);font-family:'Open Sans';\"\n\t\t\t\t\t\t\t> <strong>Plastick\u00e9 etikety<\/strong> \n\t\t\t\t\t\t\t<\/rs-layer><!--\n\n\t\t\t\t\t\t\t--><rs-layer\n\t\t\t\t\t\t\t\tid=\"slider-9-slide-26-layer-4\" \n\t\t\t\t\t\t\t\tclass=\"small_bg_white\"\n\t\t\t\t\t\t\t\tdata-type=\"text\"\n\t\t\t\t\t\t\t\tdata-color=\"rgba(52,73,94,1)\"\n\t\t\t\t\t\t\t\tdata-rsp_ch=\"on\"\n\t\t\t\t\t\t\t\tdata-xy=\"x:632px;y:182px;\"\n\t\t\t\t\t\t\t\tdata-text=\"s:16;l:16;\"\n\t\t\t\t\t\t\t\tdata-padding=\"t:7;r:7;b:7;l:7;\"\n\t\t\t\t\t\t\t\tdata-frame_0=\"x:200px;skX:-85px;tp:600;\"\n\t\t\t\t\t\t\t\tdata-frame_1=\"tp:600;e:back.out;st:1400;sp:500;\"\n\t\t\t\t\t\t\t\tdata-frame_999=\"st:8999;auto:true;\"\n\t\t\t\t\t\t\t\tstyle=\"z-index:8;background-color:rgba(255,255,255,1);font-family:'Open Sans';\"\n\t\t\t\t\t\t\t> <strong>Samolepic\u00ed a technick\u00e9 etikety<\/strong> \n\t\t\t\t\t\t\t<\/rs-layer><!--\n\n\t\t\t\t\t\t\t--><rs-layer\n\t\t\t\t\t\t\t\tid=\"slider-9-slide-26-layer-5\" \n\t\t\t\t\t\t\t\tclass=\"small_bg_white\"\n\t\t\t\t\t\t\t\tdata-type=\"text\"\n\t\t\t\t\t\t\t\tdata-color=\"rgba(52,73,94,1)\"\n\t\t\t\t\t\t\t\tdata-rsp_ch=\"on\"\n\t\t\t\t\t\t\t\tdata-xy=\"x:632px;y:222px;\"\n\t\t\t\t\t\t\t\tdata-text=\"s:16;l:16;\"\n\t\t\t\t\t\t\t\tdata-padding=\"t:7;r:7;b:7;l:7;\"\n\t\t\t\t\t\t\t\tdata-frame_0=\"x:-200px;skX:85px;tp:600;\"\n\t\t\t\t\t\t\t\tdata-frame_1=\"tp:600;e:back.out;st:1500;sp:500;\"\n\t\t\t\t\t\t\t\tdata-frame_999=\"st:8999;auto:true;\"\n\t\t\t\t\t\t\t\tstyle=\"z-index:9;background-color:rgba(255,255,255,1);font-family:'Open Sans';\"\n\t\t\t\t\t\t\t> <strong>Magnetky<\/strong> \n\t\t\t\t\t\t\t<\/rs-layer><!--\n\n\t\t\t\t\t\t\t--><rs-layer\n\t\t\t\t\t\t\t\tid=\"slider-9-slide-26-layer-6\" \n\t\t\t\t\t\t\t\tclass=\"small_bg_white\"\n\t\t\t\t\t\t\t\tdata-type=\"text\"\n\t\t\t\t\t\t\t\tdata-color=\"rgba(52,73,94,1)\"\n\t\t\t\t\t\t\t\tdata-rsp_ch=\"on\"\n\t\t\t\t\t\t\t\tdata-xy=\"x:632px;y:262px;\"\n\t\t\t\t\t\t\t\tdata-text=\"s:16;l:16;\"\n\t\t\t\t\t\t\t\tdata-padding=\"t:7;r:7;b:7;l:7;\"\n\t\t\t\t\t\t\t\tdata-frame_0=\"x:200px;skX:-85px;tp:600;\"\n\t\t\t\t\t\t\t\tdata-frame_1=\"tp:600;e:back.out;st:1600;sp:500;\"\n\t\t\t\t\t\t\t\tdata-frame_999=\"st:8999;auto:true;\"\n\t\t\t\t\t\t\t\tstyle=\"z-index:10;background-color:rgba(255,255,255,1);font-family:'Open Sans';\"\n\t\t\t\t\t\t\t> <strong>Kl\u00ed\u010denky a 3D p\u0159\u00edv\u011b\u0161ky<\/strong> \n\t\t\t\t\t\t\t<\/rs-layer><!--\n\n\t\t\t\t\t\t\t--><rs-layer\n\t\t\t\t\t\t\t\tid=\"slider-9-slide-26-layer-7\" \n\t\t\t\t\t\t\t\tclass=\"small_bg_white\"\n\t\t\t\t\t\t\t\tdata-type=\"text\"\n\t\t\t\t\t\t\t\tdata-color=\"rgba(52,73,94,1)\"\n\t\t\t\t\t\t\t\tdata-rsp_ch=\"on\"\n\t\t\t\t\t\t\t\tdata-xy=\"x:632px;y:302px;\"\n\t\t\t\t\t\t\t\tdata-text=\"s:16;l:16;\"\n\t\t\t\t\t\t\t\tdata-padding=\"t:7;r:7;b:7;l:7;\"\n\t\t\t\t\t\t\t\tdata-frame_0=\"x:-200px;skX:85px;tp:600;\"\n\t\t\t\t\t\t\t\tdata-frame_1=\"tp:600;e:back.out;st:1700;sp:500;\"\n\t\t\t\t\t\t\t\tdata-frame_999=\"st:8999;auto:true;\"\n\t\t\t\t\t\t\t\tstyle=\"z-index:11;background-color:rgba(255,255,255,1);font-family:'Open Sans';\"\n\t\t\t\t\t\t\t> <strong>Reklamn\u00ed butony<\/strong> \n\t\t\t\t\t\t\t<\/rs-layer><!--\n\n\t\t\t\t\t\t\t--><rs-layer\n\t\t\t\t\t\t\t\tid=\"slider-9-slide-26-layer-8\" \n\t\t\t\t\t\t\t\tclass=\"small_bg_white\"\n\t\t\t\t\t\t\t\tdata-type=\"text\"\n\t\t\t\t\t\t\t\tdata-color=\"rgba(52,73,94,1)\"\n\t\t\t\t\t\t\t\tdata-rsp_ch=\"on\"\n\t\t\t\t\t\t\t\tdata-xy=\"x:632px;y:342px;\"\n\t\t\t\t\t\t\t\tdata-text=\"s:16;l:16;\"\n\t\t\t\t\t\t\t\tdata-padding=\"t:7;r:7;b:7;l:7;\"\n\t\t\t\t\t\t\t\tdata-frame_0=\"x:200px;skX:-85px;tp:600;\"\n\t\t\t\t\t\t\t\tdata-frame_1=\"tp:600;e:back.out;st:1800;sp:500;\"\n\t\t\t\t\t\t\t\tdata-frame_999=\"st:8999;auto:true;\"\n\t\t\t\t\t\t\t\tstyle=\"z-index:12;background-color:rgba(255,255,255,1);font-family:'Open Sans';\"\n\t\t\t\t\t\t\t> <strong>MicroPrint<\/strong> \n\t\t\t\t\t\t\t<\/rs-layer><!--\n-->\t\t\t\t\t<\/rs-slide>\n\t\t\t\t\t\t<rs-slide style=\"position: absolute;\" data-key=\"rs-27\" data-title=\"Slide\" data-thumb=\"\/\/logoprint.cz\/wp-content\/uploads\/2015\/04\/colors-100x50.jpg\" data-anim=\"ms:300;\" data-in=\"y:(-100%);row:7;col:5;\">\n\t\t\t\t\t\t\t<img decoding=\"async\" src=\"\/\/logoprint.cz\/wp-content\/plugins\/revslider\/sr6\/assets\/assets\/dummy.png\" alt=\"\" title=\"Home Logoprint\" class=\"rev-slidebg tp-rs-img rs-lazyload\" data-lazyload=\"\/\/logoprint.cz\/wp-content\/uploads\/2015\/04\/colors.jpg\" data-bg=\"p:center top;\" data-no-retina>\n<!--\n\t\t\t\t\t\t\t--><rs-layer\n\t\t\t\t\t\t\t\tid=\"slider-9-slide-27-layer-1\" \n\t\t\t\t\t\t\t\tclass=\"modernsmalltextredpavel\"\n\t\t\t\t\t\t\t\tdata-type=\"text\"\n\t\t\t\t\t\t\t\tdata-color=\"#fa0f0f\"\n\t\t\t\t\t\t\t\tdata-rsp_ch=\"on\"\n\t\t\t\t\t\t\t\tdata-xy=\"x:158px;y:56px;\"\n\t\t\t\t\t\t\t\tdata-text=\"s:53;l:40;fw:900;\"\n\t\t\t\t\t\t\t\tdata-padding=\"t:10;r:10;b:10;l:10;\"\n\t\t\t\t\t\t\t\tdata-frame_0=\"o:1;\"\n\t\t\t\t\t\t\t\tdata-frame_0_chars=\"d:10;sX:0.75;sY:0.75;o:0;\"\n\t\t\t\t\t\t\t\tdata-frame_1=\"e:power4.out;st:800;sp:800;\"\n\t\t\t\t\t\t\t\tdata-frame_1_chars=\"d:10;\"\n\t\t\t\t\t\t\t\tdata-frame_999=\"x:0;y:0;z:0;sX:0.75;sY:0.75;o:0;rX:0;rY:0;rZ:0;skX:0;skY:0;e:power4.in;st:w;sp:500;\"\n\t\t\t\t\t\t\t\tstyle=\"z-index:5;background-color:rgba(255,255,255,0.70);font-family:'Exo 2';text-shadow:none;letter-spacing:-1px;margin:0px;white-space:nowrap;\"\n\t\t\t\t\t\t\t><strong>T I S K N E M E<\/strong> \n\t\t\t\t\t\t\t<\/rs-layer><!--\n\n\t\t\t\t\t\t\t--><rs-layer\n\t\t\t\t\t\t\t\tid=\"slider-9-slide-27-layer-2\" \n\t\t\t\t\t\t\t\tclass=\"mediumbgorangeexo\"\n\t\t\t\t\t\t\t\tdata-type=\"text\"\n\t\t\t\t\t\t\t\tdata-color=\"#ffffff\"\n\t\t\t\t\t\t\t\tdata-rsp_ch=\"on\"\n\t\t\t\t\t\t\t\tdata-xy=\"x:442px;y:142px;\"\n\t\t\t\t\t\t\t\tdata-text=\"s:20;l:20;fw:800;\"\n\t\t\t\t\t\t\t\tdata-padding=\"t:10;r:10;b:10;l:10;\"\n\t\t\t\t\t\t\t\tdata-frame_0=\"rX:90;\"\n\t\t\t\t\t\t\t\tdata-frame_1=\"e:back.out;st:1300;sp:2000;\"\n\t\t\t\t\t\t\t\tdata-frame_999=\"x:0;y:0;z:0;sX:0.75;sY:0.75;o:0;rX:0;rY:0;rZ:0;skX:0;skY:0;e:power4.in;st:w;sp:500;\"\n\t\t\t\t\t\t\t\tstyle=\"z-index:6;background-color:rgba(243,156,18,1);font-family:'Exo 2';\"\n\t\t\t\t\t\t\t>S\u00cdTOTISKEM \n\t\t\t\t\t\t\t<\/rs-layer><!--\n\n\t\t\t\t\t\t\t--><rs-layer\n\t\t\t\t\t\t\t\tid=\"slider-9-slide-27-layer-3\" \n\t\t\t\t\t\t\t\tclass=\"medium_bg_white\"\n\t\t\t\t\t\t\t\tdata-type=\"text\"\n\t\t\t\t\t\t\t\tdata-color=\"#34495e\"\n\t\t\t\t\t\t\t\tdata-rsp_ch=\"on\"\n\t\t\t\t\t\t\t\tdata-xy=\"x:572px;y:172px;\"\n\t\t\t\t\t\t\t\tdata-text=\"s:20;l:20;\"\n\t\t\t\t\t\t\t\tdata-padding=\"t:10;r:10;b:10;l:10;\"\n\t\t\t\t\t\t\t\tdata-frame_0=\"x:right;skX:-85px;\"\n\t\t\t\t\t\t\t\tdata-frame_1=\"e:back.out;st:1500;sp:800;\"\n\t\t\t\t\t\t\t\tdata-frame_999=\"x:0;y:0;z:0;sX:0.75;sY:0.75;o:0;rX:0;rY:0;rZ:0;skX:0;skY:0;e:power4.in;st:w;sp:500;\"\n\t\t\t\t\t\t\t\tstyle=\"z-index:7;background-color:rgba(255,255,255,1);font-family:'Open Sans';\"\n\t\t\t\t\t\t\t><strong>UV BARVY<\/strong> \n\t\t\t\t\t\t\t<\/rs-layer><!--\n\n\t\t\t\t\t\t\t--><rs-layer\n\t\t\t\t\t\t\t\tid=\"slider-9-slide-27-layer-4\" \n\t\t\t\t\t\t\t\tclass=\"medium_bg_white\"\n\t\t\t\t\t\t\t\tdata-type=\"text\"\n\t\t\t\t\t\t\t\tdata-color=\"#34495e\"\n\t\t\t\t\t\t\t\tdata-rsp_ch=\"on\"\n\t\t\t\t\t\t\t\tdata-xy=\"x:698px;y:172px;\"\n\t\t\t\t\t\t\t\tdata-text=\"s:20;l:20;\"\n\t\t\t\t\t\t\t\tdata-padding=\"t:10;r:10;b:10;l:10;\"\n\t\t\t\t\t\t\t\tdata-frame_0=\"y:-50px;\"\n\t\t\t\t\t\t\t\tdata-frame_1=\"e:bounce.out;st:2400;sp:1000;\"\n\t\t\t\t\t\t\t\tdata-frame_999=\"x:0;y:0;z:0;sX:0.75;sY:0.75;o:0;rX:0;rY:0;rZ:0;skX:0;skY:0;e:power4.in;st:w;sp:500;\"\n\t\t\t\t\t\t\t\tstyle=\"z-index:8;background-color:rgba(255,255,255,1);font-family:'Open Sans';\"\n\t\t\t\t\t\t\t><strong>&<\/strong> \n\t\t\t\t\t\t\t<\/rs-layer><!--\n\n\t\t\t\t\t\t\t--><rs-layer\n\t\t\t\t\t\t\t\tid=\"slider-9-slide-27-layer-5\" \n\t\t\t\t\t\t\t\tclass=\"medium_bg_white\"\n\t\t\t\t\t\t\t\tdata-type=\"text\"\n\t\t\t\t\t\t\t\tdata-color=\"#34495e\"\n\t\t\t\t\t\t\t\tdata-rsp_ch=\"on\"\n\t\t\t\t\t\t\t\tdata-xy=\"x:741px;y:172px;\"\n\t\t\t\t\t\t\t\tdata-text=\"s:20;l:20;\"\n\t\t\t\t\t\t\t\tdata-padding=\"t:10;r:10;b:10;l:10;\"\n\t\t\t\t\t\t\t\tdata-frame_0=\"x:left;skX:45px;\"\n\t\t\t\t\t\t\t\tdata-frame_1=\"e:back.out;st:1800;sp:800;\"\n\t\t\t\t\t\t\t\tdata-frame_999=\"x:0;y:0;z:0;sX:0.75;sY:0.75;o:0;rX:0;rY:0;rZ:0;skX:0;skY:0;e:power4.in;st:w;sp:500;\"\n\t\t\t\t\t\t\t\tstyle=\"z-index:9;background-color:rgba(255,255,255,1);font-family:'Open Sans';\"\n\t\t\t\t\t\t\t><strong>SOLVENTN\u00cd<\/strong> \n\t\t\t\t\t\t\t<\/rs-layer><!--\n\n\t\t\t\t\t\t\t--><rs-layer\n\t\t\t\t\t\t\t\tid=\"slider-9-slide-27-layer-6\" \n\t\t\t\t\t\t\t\tclass=\"mediumbgorangeexo\"\n\t\t\t\t\t\t\t\tdata-type=\"text\"\n\t\t\t\t\t\t\t\tdata-color=\"#ffffff\"\n\t\t\t\t\t\t\t\tdata-rsp_ch=\"on\"\n\t\t\t\t\t\t\t\tdata-xy=\"x:442px;y:232px;\"\n\t\t\t\t\t\t\t\tdata-text=\"s:20;l:20;fw:800;\"\n\t\t\t\t\t\t\t\tdata-padding=\"t:10;r:10;b:10;l:10;\"\n\t\t\t\t\t\t\t\tdata-frame_0=\"rX:90;\"\n\t\t\t\t\t\t\t\tdata-frame_1=\"e:back.out;st:3500;sp:2000;\"\n\t\t\t\t\t\t\t\tdata-frame_999=\"x:0;y:0;z:0;sX:0.75;sY:0.75;o:0;rX:0;rY:0;rZ:0;skX:0;skY:0;e:power4.in;st:w;sp:500;\"\n\t\t\t\t\t\t\t\tstyle=\"z-index:10;background-color:rgba(243,156,18,1);font-family:'Exo 2';\"\n\t\t\t\t\t\t\t>DIGIT\u00c1LN\u011a \n\t\t\t\t\t\t\t<\/rs-layer><!--\n\n\t\t\t\t\t\t\t--><rs-layer\n\t\t\t\t\t\t\t\tid=\"slider-9-slide-27-layer-7\" \n\t\t\t\t\t\t\t\tclass=\"medium_bg_white\"\n\t\t\t\t\t\t\t\tdata-type=\"text\"\n\t\t\t\t\t\t\t\tdata-color=\"#34495e\"\n\t\t\t\t\t\t\t\tdata-rsp_ch=\"on\"\n\t\t\t\t\t\t\t\tdata-xy=\"x:552px;y:262px;\"\n\t\t\t\t\t\t\t\tdata-text=\"s:20;l:20;\"\n\t\t\t\t\t\t\t\tdata-padding=\"t:10;r:10;b:10;l:10;\"\n\t\t\t\t\t\t\t\tdata-frame_0=\"x:right;skX:-85px;\"\n\t\t\t\t\t\t\t\tdata-frame_1=\"e:back.out;st:4000;sp:800;\"\n\t\t\t\t\t\t\t\tdata-frame_999=\"x:0;y:0;z:0;sX:0.75;sY:0.75;o:0;rX:0;rY:0;rZ:0;skX:0;skY:0;e:power4.in;st:w;sp:500;\"\n\t\t\t\t\t\t\t\tstyle=\"z-index:11;background-color:rgba(255,255,255,1);font-family:'Open Sans';\"\n\t\t\t\t\t\t\t><strong>UV CMYK + b\u00edl\u00e1<\/strong> \n\t\t\t\t\t\t\t<\/rs-layer><!--\n\n\t\t\t\t\t\t\t--><rs-layer\n\t\t\t\t\t\t\t\tid=\"slider-9-slide-27-layer-8\" \n\t\t\t\t\t\t\t\tclass=\"medium_bg_white\"\n\t\t\t\t\t\t\t\tdata-type=\"text\"\n\t\t\t\t\t\t\t\tdata-color=\"#34495e\"\n\t\t\t\t\t\t\t\tdata-rsp_ch=\"on\"\n\t\t\t\t\t\t\t\tdata-xy=\"x:728px;y:262px;\"\n\t\t\t\t\t\t\t\tdata-text=\"s:20;l:20;\"\n\t\t\t\t\t\t\t\tdata-padding=\"t:10;r:10;b:10;l:10;\"\n\t\t\t\t\t\t\t\tdata-frame_0=\"y:top;\"\n\t\t\t\t\t\t\t\tdata-frame_1=\"e:bounce.out;st:4800;sp:1200;\"\n\t\t\t\t\t\t\t\tdata-frame_999=\"x:0;y:0;z:0;sX:0.75;sY:0.75;o:0;rX:0;rY:0;rZ:0;skX:0;skY:0;e:power4.in;st:w;sp:500;\"\n\t\t\t\t\t\t\t\tstyle=\"z-index:12;background-color:rgba(255,255,255,1);font-family:'Open Sans';\"\n\t\t\t\t\t\t\t><strong>&<\/strong> \n\t\t\t\t\t\t\t<\/rs-layer><!--\n\n\t\t\t\t\t\t\t--><rs-layer\n\t\t\t\t\t\t\t\tid=\"slider-9-slide-27-layer-9\" \n\t\t\t\t\t\t\t\tclass=\"medium_bg_white\"\n\t\t\t\t\t\t\t\tdata-type=\"text\"\n\t\t\t\t\t\t\t\tdata-color=\"#34495e\"\n\t\t\t\t\t\t\t\tdata-rsp_ch=\"on\"\n\t\t\t\t\t\t\t\tdata-xy=\"x:772px;y:262px;\"\n\t\t\t\t\t\t\t\tdata-text=\"s:20;l:20;\"\n\t\t\t\t\t\t\t\tdata-padding=\"t:10;r:10;b:10;l:10;\"\n\t\t\t\t\t\t\t\tdata-frame_0=\"x:left;skX:45px;\"\n\t\t\t\t\t\t\t\tdata-frame_1=\"e:back.out;st:4300;sp:800;\"\n\t\t\t\t\t\t\t\tdata-frame_999=\"x:0;y:0;z:0;sX:0.75;sY:0.75;o:0;rX:0;rY:0;rZ:0;skX:0;skY:0;e:power4.in;st:w;sp:500;\"\n\t\t\t\t\t\t\t\tstyle=\"z-index:13;background-color:rgba(255,255,255,1);font-family:'Open Sans';\"\n\t\t\t\t\t\t\t><strong>SOLVENT<\/strong> \n\t\t\t\t\t\t\t<\/rs-layer><!--\n\n\t\t\t\t\t\t\t--><rs-layer\n\t\t\t\t\t\t\t\tid=\"slider-9-slide-27-layer-10\" \n\t\t\t\t\t\t\t\tclass=\"medium_bg_white\"\n\t\t\t\t\t\t\t\tdata-type=\"text\"\n\t\t\t\t\t\t\t\tdata-color=\"#34495e\"\n\t\t\t\t\t\t\t\tdata-rsp_ch=\"on\"\n\t\t\t\t\t\t\t\tdata-xy=\"x:891px;y:262px;\"\n\t\t\t\t\t\t\t\tdata-text=\"s:20;l:20;\"\n\t\t\t\t\t\t\t\tdata-padding=\"t:10;r:10;b:10;l:10;\"\n\t\t\t\t\t\t\t\tdata-frame_0=\"y:top;\"\n\t\t\t\t\t\t\t\tdata-frame_1=\"e:bounce.out;st:5100;sp:1200;\"\n\t\t\t\t\t\t\t\tdata-frame_999=\"x:0;y:0;z:0;sX:0.75;sY:0.75;o:0;rX:0;rY:0;rZ:0;skX:0;skY:0;e:power4.in;st:w;sp:500;\"\n\t\t\t\t\t\t\t\tstyle=\"z-index:14;background-color:rgba(255,255,255,1);font-family:'Open Sans';\"\n\t\t\t\t\t\t\t><strong>&<\/strong> \n\t\t\t\t\t\t\t<\/rs-layer><!--\n\n\t\t\t\t\t\t\t--><rs-layer\n\t\t\t\t\t\t\t\tid=\"slider-9-slide-27-layer-11\" \n\t\t\t\t\t\t\t\tclass=\"medium_bg_white\"\n\t\t\t\t\t\t\t\tdata-type=\"text\"\n\t\t\t\t\t\t\t\tdata-color=\"#34495e\"\n\t\t\t\t\t\t\t\tdata-rsp_ch=\"on\"\n\t\t\t\t\t\t\t\tdata-xy=\"x:935px;y:262px;\"\n\t\t\t\t\t\t\t\tdata-text=\"s:20;l:20;\"\n\t\t\t\t\t\t\t\tdata-padding=\"t:10;r:10;b:10;l:10;\"\n\t\t\t\t\t\t\t\tdata-frame_0=\"x:right;skX:-85px;\"\n\t\t\t\t\t\t\t\tdata-frame_1=\"e:back.out;st:4600;sp:800;\"\n\t\t\t\t\t\t\t\tdata-frame_999=\"x:0;y:0;z:0;sX:0.75;sY:0.75;o:0;rX:0;rY:0;rZ:0;skX:0;skY:0;e:power4.in;st:w;sp:500;\"\n\t\t\t\t\t\t\t\tstyle=\"z-index:15;background-color:rgba(255,255,255,1);font-family:'Open Sans';\"\n\t\t\t\t\t\t\t><strong>EKO SOLVENT<\/strong> \n\t\t\t\t\t\t\t<\/rs-layer><!--\n-->\t\t\t\t\t<\/rs-slide>\n\t\t\t\t\t\t<rs-slide style=\"position: absolute;\" data-key=\"rs-58\" data-title=\"Slide\" data-thumb=\"\/\/logoprint.cz\/wp-content\/uploads\/2015\/04\/kresleni_back-100x50.jpg\" data-anim=\"ms:300;f:center;\" data-in=\"y:(-100%);row:7;col:5;\">\n\t\t\t\t\t\t\t<img decoding=\"async\" src=\"\/\/logoprint.cz\/wp-content\/plugins\/revslider\/sr6\/assets\/assets\/dummy.png\" alt=\"\" title=\"Home Logoprint\" class=\"rev-slidebg tp-rs-img rs-lazyload\" data-lazyload=\"\/\/logoprint.cz\/wp-content\/uploads\/2015\/04\/kresleni_back.jpg\" data-bg=\"p:center top;\" data-no-retina>\n<!--\n\t\t\t\t\t\t\t--><rs-layer\n\t\t\t\t\t\t\t\tid=\"slider-9-slide-58-layer-1\" \n\t\t\t\t\t\t\t\tdata-type=\"image\"\n\t\t\t\t\t\t\t\tdata-rsp_ch=\"on\"\n\t\t\t\t\t\t\t\tdata-text=\"l:22;\"\n\t\t\t\t\t\t\t\tdata-dim=\"w:607;h:450;\"\n\t\t\t\t\t\t\t\tdata-frame_0=\"x:50;y:150;sX:0.5;sY:0.5;tp:600;\"\n\t\t\t\t\t\t\t\tdata-frame_1=\"tp:600;st:800;sp:500;\"\n\t\t\t\t\t\t\t\tdata-frame_999=\"x:0;y:0;z:0;sX:0.75;sY:0.75;o:0;rX:0;rY:0;rZ:0;skX:0;skY:0;tp:600;e:power4.in;st:4200;sp:500;\"\n\t\t\t\t\t\t\t\tstyle=\"z-index:5;\"\n\t\t\t\t\t\t\t><img decoding=\"async\" src=\"\/\/logoprint.cz\/wp-content\/plugins\/revslider\/sr6\/assets\/assets\/dummy.png\" alt=\"\" class=\"tp-rs-img rs-lazyload\" width=\"607\" height=\"450\" data-lazyload=\"\/\/logoprint.cz\/wp-content\/uploads\/2015\/04\/kresleni_1.png\" data-no-retina> \n\t\t\t\t\t\t\t<\/rs-layer><!--\n\n\t\t\t\t\t\t\t--><rs-layer\n\t\t\t\t\t\t\t\tid=\"slider-9-slide-58-layer-2\" \n\t\t\t\t\t\t\t\tclass=\"mediumlargelightdarkbluepavel\"\n\t\t\t\t\t\t\t\tdata-type=\"text\"\n\t\t\t\t\t\t\t\tdata-color=\"rgba(52,73,94,1)\"\n\t\t\t\t\t\t\t\tdata-rsp_ch=\"on\"\n\t\t\t\t\t\t\t\tdata-xy=\"x:600px;y:201px;\"\n\t\t\t\t\t\t\t\tdata-text=\"w:normal;s:45;l:31;fw:500;\"\n\t\t\t\t\t\t\t\tdata-dim=\"w:501px;h:46px;\"\n\t\t\t\t\t\t\t\tdata-basealign=\"slide\"\n\t\t\t\t\t\t\t\tdata-frame_0=\"o:1;tp:600;\"\n\t\t\t\t\t\t\t\tdata-frame_0_chars=\"d:10;y:bottom;o:1;rX:-20deg;rY:-20deg;rZ:0deg;\"\n\t\t\t\t\t\t\t\tdata-frame_1=\"tp:600;e:power3.out;st:1199.9996948242;sp:500;\"\n\t\t\t\t\t\t\t\tdata-frame_1_chars=\"d:10;\"\n\t\t\t\t\t\t\t\tdata-frame_999=\"x:0;y:0;z:0;sX:0.75;sY:0.75;o:0;rX:0;rY:0;rZ:0;skX:0;skY:0;tp:600;e:power4.in;st:3499.9996948242;sp:500;\"\n\t\t\t\t\t\t\t\tstyle=\"z-index:6;font-family:'Exo 2';\"\n\t\t\t\t\t\t\t>Kreslen\u00ed nechejte d\u011btem \n\t\t\t\t\t\t\t<\/rs-layer><!--\n\n\t\t\t\t\t\t\t--><rs-layer\n\t\t\t\t\t\t\t\tid=\"slider-9-slide-58-layer-3\" \n\t\t\t\t\t\t\t\tclass=\"modernsmalltextredpavel\"\n\t\t\t\t\t\t\t\tdata-type=\"text\"\n\t\t\t\t\t\t\t\tdata-color=\"rgba(250,15,15,1)\"\n\t\t\t\t\t\t\t\tdata-rsp_ch=\"on\"\n\t\t\t\t\t\t\t\tdata-xy=\"x:791px;y:111px;\"\n\t\t\t\t\t\t\t\tdata-text=\"w:normal;s:53;l:40;fw:900;\"\n\t\t\t\t\t\t\t\tdata-dim=\"w:55px;h:63px;\"\n\t\t\t\t\t\t\t\tdata-padding=\"t:10;r:10;b:10;l:10;\"\n\t\t\t\t\t\t\t\tdata-frame_0=\"tp:600;\"\n\t\t\t\t\t\t\t\tdata-frame_1=\"tp:600;st:5400;\"\n\t\t\t\t\t\t\t\tdata-frame_999=\"st:8999;auto:true;\"\n\t\t\t\t\t\t\t\tstyle=\"z-index:7;background-color:rgba(255,255,255,0.70);font-family:'Exo 2';text-shadow:none;letter-spacing:-1px;margin:0px;white-space:nowrap;\"\n\t\t\t\t\t\t\t>a \n\t\t\t\t\t\t\t<\/rs-layer><!--\n\n\t\t\t\t\t\t\t--><rs-layer\n\t\t\t\t\t\t\t\tid=\"slider-9-slide-58-layer-4\" \n\t\t\t\t\t\t\t\tclass=\"modernsmalltextredpavel\"\n\t\t\t\t\t\t\t\tdata-type=\"text\"\n\t\t\t\t\t\t\t\tdata-color=\"rgba(250,15,15,1)\"\n\t\t\t\t\t\t\t\tdata-rsp_ch=\"on\"\n\t\t\t\t\t\t\t\tdata-xy=\"x:762px;y:185px;\"\n\t\t\t\t\t\t\t\tdata-text=\"w:normal;s:53;l:40;fw:900;\"\n\t\t\t\t\t\t\t\tdata-dim=\"w:118px;h:69px;\"\n\t\t\t\t\t\t\t\tdata-padding=\"t:10;r:10;b:10;l:10;\"\n\t\t\t\t\t\t\t\tdata-frame_0=\"o:1;tp:600;\"\n\t\t\t\t\t\t\t\tdata-frame_0_chars=\"d:10;y:top;o:1;\"\n\t\t\t\t\t\t\t\tdata-frame_1=\"tp:600;e:back.out;st:5600;sp:500;\"\n\t\t\t\t\t\t\t\tdata-frame_1_chars=\"d:10;\"\n\t\t\t\t\t\t\t\tdata-frame_999=\"x:0;y:0;z:0;sX:0.75;sY:0.75;o:0;rX:0;rY:0;rZ:0;skX:0;skY:0;tp:600;e:power4.in;st:8999;sp:500;\"\n\t\t\t\t\t\t\t\tstyle=\"z-index:8;background-color:rgba(255,255,255,0.70);font-family:'Exo 2';text-shadow:none;letter-spacing:-1px;margin:0px;white-space:nowrap;\"\n\t\t\t\t\t\t\t>tisk \n\t\t\t\t\t\t\t<\/rs-layer><!--\n\n\t\t\t\t\t\t\t--><rs-layer\n\t\t\t\t\t\t\t\tid=\"slider-9-slide-58-layer-5\" \n\t\t\t\t\t\t\t\tclass=\"modernsmalltextredpavel\"\n\t\t\t\t\t\t\t\tdata-type=\"text\"\n\t\t\t\t\t\t\t\tdata-color=\"rgba(250,15,15,1)\"\n\t\t\t\t\t\t\t\tdata-rsp_ch=\"on\"\n\t\t\t\t\t\t\t\tdata-xy=\"x:627px;y:276px;\"\n\t\t\t\t\t\t\t\tdata-text=\"w:normal;s:53;l:40;fw:900;\"\n\t\t\t\t\t\t\t\tdata-dim=\"w:407px;h:69px;\"\n\t\t\t\t\t\t\t\tdata-padding=\"t:10;r:10;b:10;l:10;\"\n\t\t\t\t\t\t\t\tdata-frame_0=\"y:50px;tp:600;\"\n\t\t\t\t\t\t\t\tdata-frame_1=\"tp:600;e:back.out;st:5850;sp:500;\"\n\t\t\t\t\t\t\t\tdata-frame_999=\"x:0;y:0;z:0;sX:0.75;sY:0.75;o:0;rX:0;rY:0;rZ:0;skX:0;skY:0;tp:600;e:power4.in;st:8999;sp:500;\"\n\t\t\t\t\t\t\t\tstyle=\"z-index:9;background-color:rgba(255,255,255,0.70);font-family:'Exo 2';text-shadow:none;letter-spacing:-1px;margin:0px;white-space:nowrap;\"\n\t\t\t\t\t\t\t> profesion\u00e1l\u016fm! \n\t\t\t\t\t\t\t<\/rs-layer><!--\n\n\t\t\t\t\t\t\t--><rs-layer\n\t\t\t\t\t\t\t\tid=\"slider-9-slide-58-layer-6\" \n\t\t\t\t\t\t\t\tdata-type=\"image\"\n\t\t\t\t\t\t\t\tdata-rsp_ch=\"on\"\n\t\t\t\t\t\t\t\tdata-text=\"w:normal;l:22;\"\n\t\t\t\t\t\t\t\tdata-dim=\"w:450;h:450;\"\n\t\t\t\t\t\t\t\tdata-frame_0=\"y:100;sY:3;rY:360;tp:600;\"\n\t\t\t\t\t\t\t\tdata-frame_1=\"tp:600;st:4500;sp:1400;\"\n\t\t\t\t\t\t\t\tdata-frame_999=\"x:0;y:0;z:0;sX:0.75;sY:0.75;o:0;rX:0;rY:0;rZ:0;skX:0;skY:0;tp:600;e:power4.in;st:8999;\"\n\t\t\t\t\t\t\t\tdata-loop_999=\"sp:4000;e:power3.inOut;yym:t;yys:t;yyf:t;\"\n\t\t\t\t\t\t\t\tstyle=\"z-index:10;\"\n\t\t\t\t\t\t\t><img decoding=\"async\" src=\"\/\/logoprint.cz\/wp-content\/plugins\/revslider\/sr6\/assets\/assets\/dummy.png\" alt=\"\" class=\"tp-rs-img rs-lazyload\" width=\"450\" height=\"450\" data-lazyload=\"\/\/logoprint.cz\/wp-content\/uploads\/2015\/04\/CMYK_znacka_1.png\" data-no-retina> \n\t\t\t\t\t\t\t<\/rs-layer><!--\n-->\t\t\t\t\t<\/rs-slide>\n\t\t\t\t\t<\/rs-slides>\n\t\t\t\t<\/rs-module>\n\t\t\t\t<script>\n\t\t\t\t\tsetREVStartSize({c: 'rev_slider_9_1',rl:[1240,1024,778,480],el:[],gw:[1140],gh:[450],type:'standard',justify:'',layout:'fullwidth',mh:\"450\"});if (window.RS_MODULES!==undefined && window.RS_MODULES.modules!==undefined && window.RS_MODULES.modules[\"revslider91\"]!==undefined) {window.RS_MODULES.modules[\"revslider91\"].once = false;window.revapi9 = undefined;if (window.RS_MODULES.checkMinimal!==undefined) window.RS_MODULES.checkMinimal()}\n\t\t\t\t<\/script>\n\t\t\t<\/rs-module-wrap>\n\t\t\t<!-- END REVOLUTION SLIDER -->\n [\/vc_column_text][\/vc_column][\/vc_row][vc_row][vc_column]<div class=\"shortcode-wrapper shortcode-title clearfix\"><h4 class=\"hb-heading hb-center-heading \"><span>LOGOPRINT, v\u00fdroba etiket a reklamn\u00edch p\u0159edm\u011bt\u016f<\/span><\/h4><\/div><div class=\"shortcode-wrapper shortcode-spacer clearfix\"><div class=\"spacer\"><\/div><\/div>[\/vc_column][\/vc_row][vc_row][vc_column][vc_column_text]<div class=\"row clearfix\" style=\"margin-bottom:0px;margin-top:0px;\"><\/div>[\/vc_column_text][\/vc_column][\/vc_row][vc_row][vc_column width=&#8220;1\/2&#8243;]<div class=\"shortcode-wrapper shortcode-icon-box clearfix  hb-animate-element hb-flip-x\"><div class=\"content-box top-icon\"><i class=\"hb-moon-spinner-9 box-icon\" style=\"background-color:#dd3333;\"><\/i><div class=\"aligncenter\"><h4 class=\"semi-bold\">Produkty<\/h4>Jsme v\u00fdrobci samolep\u00edc\u00edch etiket, 3D etiket LOGOPRINT\u00ae<br \/>\na reklamn\u00edch p\u0159edm\u011bt\u016f.<\/p>\n<a href=\"http:\/\/logoprint.cz\/?p=5152\" class=\"hb-button hb-third-dark hb-default-button hb-animate-element hb-fade-in\" target=\"_self\" data-delay=\"200\" style=\"-webkit-border-radius: 2px;-moz-border-radius: 2px;border-radius: 2px;\">galerie<\/a><\/div><\/div><\/div>[\/vc_column][vc_column width=&#8220;1\/2&#8243;]<div class=\"shortcode-wrapper shortcode-icon-box clearfix  hb-animate-element hb-flip-x\"><div class=\"content-box top-icon\"><i class=\"hb-moon-calculate box-icon\"><\/i><div class=\"aligncenter\"><h4 class=\"semi-bold\">Popt\u00e1vka<\/h4>R\u00e1di V\u00e1m vypo\u010d\u00edt\u00e1me cenovou nab\u00eddku p\u0159esn\u011b na m\u00edru<br \/>\na zodpov\u00edme Va\u0161e dotazy.<\/p>\n<a href=\"http:\/\/logoprint.cz\/?p=5175\" class=\"hb-button hb-third-dark hb-default-button hb-animate-element hb-fade-in\" target=\"_self\" data-delay=\"200\" style=\"-webkit-border-radius: 2px;-moz-border-radius: 2px;border-radius: 2px;\">zaslat popt\u00e1vku<\/a><\/div><\/div><\/div>[\/vc_column][\/vc_row]\n<\/div>","protected":false},"excerpt":{"rendered":"<p>[vc_row margin_bottom=&#8220;30px&#8220;][vc_column][vc_column_text] [\/vc_column_text][\/vc_column][\/vc_row][vc_row][vc_column][\/vc_column][\/vc_row][vc_row][vc_column][vc_column_text][\/vc_column_text][\/vc_column][\/vc_row][vc_row][vc_column width=&#8220;1\/2&#8243;][\/vc_column][vc_column width=&#8220;1\/2&#8243;][\/vc_column][\/vc_row]<\/p>\n","protected":false},"author":1,"featured_media":0,"parent":0,"menu_order":0,"comment_status":"open","ping_status":"open","template":"","meta":{"footnotes":""},"class_list":["post-5010","page","type-page","status-publish","hentry"],"_links":{"self":[{"href":"https:\/\/logoprint.cz\/index.php?rest_route=\/wp\/v2\/pages\/5010"}],"collection":[{"href":"https:\/\/logoprint.cz\/index.php?rest_route=\/wp\/v2\/pages"}],"about":[{"href":"https:\/\/logoprint.cz\/index.php?rest_route=\/wp\/v2\/types\/page"}],"author":[{"embeddable":true,"href":"https:\/\/logoprint.cz\/index.php?rest_route=\/wp\/v2\/users\/1"}],"replies":[{"embeddable":true,"href":"https:\/\/logoprint.cz\/index.php?rest_route=%2Fwp%2Fv2%2Fcomments&post=5010"}],"version-history":[{"count":24,"href":"https:\/\/logoprint.cz\/index.php?rest_route=\/wp\/v2\/pages\/5010\/revisions"}],"predecessor-version":[{"id":5325,"href":"https:\/\/logoprint.cz\/index.php?rest_route=\/wp\/v2\/pages\/5010\/revisions\/5325"}],"wp:attachment":[{"href":"https:\/\/logoprint.cz\/index.php?rest_route=%2Fwp%2Fv2%2Fmedia&parent=5010"}],"curies":[{"name":"wp","href":"https:\/\/api.w.org\/{rel}","templated":true}]}}