{"id":4936,"date":"2015-03-26T15:25:02","date_gmt":"2015-03-26T14:25:02","guid":{"rendered":"http:\/\/word.doming.ca\/?page_id=4936"},"modified":"2015-03-28T17:02:30","modified_gmt":"2015-03-28T17:02:30","slug":"o-nas","status":"publish","type":"page","link":"https:\/\/logoprint.cz\/?page_id=4936","title":{"rendered":"o nas"},"content":{"rendered":"<div class=\"wpb-content-wrapper\">[vc_row][vc_column width=&#8220;1\/2&#8243;]<div class=\"shortcode-wrapper shortcode-title clearfix\"><h4 class=\"hb-heading alignleft\"><span>Kdo jsme<\/span><\/h4><\/div><div class=\"shortcode-wrapper shortcode-spacer clearfix\"><div class=\"spacer\" style=\"height:15px;\"><\/div><\/div>[vc_column_text]Logoprint je tvo\u0159en t\u00fdmem profesion\u00e1l\u016f, kter\u00fd m\u00e1 jedin\u00fd c\u00edl &#8211; V\u00e1s &#8211; spokojen\u00e9ho z\u00e1kazn\u00edka. Kdykoliv od n\u00e1s m\u016f\u017eete o\u010dek\u00e1vat individu\u00e1ln\u00ed servis v podob\u011b konzultac\u00ed p\u0159ed zad\u00e1n\u00edm v\u00fdroby, zasl\u00e1n\u00ed vzork\u016f zdarma, realizaci va\u0161ich objedn\u00e1vek zpravidla do 10-ti pracovn\u00edch dn\u016f a kvalitu d\u00edky \u0161irok\u00e9 \u0161k\u00e1le pou\u017e\u00edvan\u00fdch materi\u00e1l\u016f v kombinaci s nejmodern\u011bj\u0161\u00edmi technologiemi.[\/vc_column_text][\/vc_column][vc_column width=&#8220;1\/2&#8243;]<div class=\"shortcode-wrapper shortcode-title clearfix\"><h4 class=\"hb-heading alignleft\"><span>Co um\u00edme<\/span><\/h4><\/div><div class=\"shortcode-wrapper shortcode-spacer clearfix\"><div class=\"spacer\" style=\"height:15px;\"><\/div><\/div>[vc_column_text]Jsme specialist\u00e9 na v\u00fdrobu jak klasick\u00fdch, tak nestandartn\u00edch samolep\u00edc\u00edch etiket, \u0161t\u00edtk\u016f, ovl\u00e1dac\u00edch panel\u016f, 3D logoprint\u016f a jejich kombinac\u00ed s jin\u00fdmi marketingov\u00fdmi prvky, jako jsou kl\u00ed\u010denky, p\u0159\u00edv\u011bsky, odznaky.[\/vc_column_text][\/vc_column][\/vc_row][vc_row][vc_column width=&#8220;1\/1&#8243;][vc_separator color=&#8220;grey&#8220; align=&#8220;align_center&#8220;]<div class=\"shortcode-wrapper shortcode-spacer clearfix\"><div class=\"spacer\" style=\"height:20px;\"><\/div><\/div>[vc_column_text]Ve v\u00fdrobn\u00edch prostor\u00e1ch na plo\u0161e 800m2 jsme technologie soust\u0159edili tak, abychom pru\u017en\u011b plnili va\u0161e po\u017eadavky a n\u00e1pady. Od ji\u017e klasick\u00fdch techologii, jako s\u00edtotisk a\u017e po modern\u00ed ink-jet tisk\u00e1rny (Eko Solvent, Solvent, UV Ink). D\u00e1le laserov\u00e9 pracovi\u0161t\u011b pro \u0159ez\u00e1n\u00ed platov\u00fdch materi\u00e1l\u016f, \u0159ezac\u00ed plotry atd.[\/vc_column_text][\/vc_column][\/vc_row][vc_row][vc_column width=&#8220;1\/1&#8243;]<div class=\"fw-section hb-fw-6a09304a13067 without-border no-overlay light-style\" style=\"margin-bottom:-80px;padding-top:30px;padding-bottom:80px;\"><div class=\"row fw-content-wrap\"><div class=\"col-12 nbm\"><div class=\"row clearfix\">\n<div class=\"shortcode-wrapper shortcode-spacer clearfix\"><div class=\"spacer\" style=\"height:20px;\"><\/div><\/div>\n<div class=\"col-3 \">\n<div class=\"shortcode-wrapper shortcode-milestone-counter hb-animate-element hb-top-to-bottom\" data-delay=\"500\"><p class=\"aligncenter\"><i class=\"hb-moon-home-6 hb-icon hb-icon-float-none\" style=\"color:#ffffff\"><\/i><\/p><div class=\"hb-counter\"><div class=\"count-number\" data-from=\"0\" data-to=\"1\" data-speed=\"1000\" style=\"color:#ffffff\"><\/div><div class=\"count-separator\"><span><\/span><\/div><h3 class=\"count-subject\" style=\"color:#ffffff\">Tisk\u00e1rna<\/h3><\/div><\/div>\n<\/div>\n<div class=\"col-3 \">\n<div class=\"shortcode-wrapper shortcode-milestone-counter hb-animate-element hb-top-to-bottom\" data-delay=\"1000\"><p class=\"aligncenter\"><i class=\"hb-moon-smiley hb-icon hb-icon-float-none\" style=\"color:#ffffff\"><\/i><\/p><div class=\"hb-counter\"><div class=\"count-number\" data-from=\"0\" data-to=\"2\" data-speed=\"1000\" style=\"color:#ffffff\"><\/div><div class=\"count-separator\"><span><\/span><\/div><h3 class=\"count-subject\" style=\"color:#ffffff\">Pobo\u010dky<\/h3><\/div><\/div>\n<\/div>\n<div class=\"col-3 \">\n<div class=\"shortcode-wrapper shortcode-milestone-counter hb-animate-element hb-top-to-bottom\" data-delay=\"1000\"><p class=\"aligncenter\"><i class=\"icon-user hb-icon hb-icon-float-none\" style=\"color:#ffffff\"><\/i><\/p><div class=\"hb-counter\"><div class=\"count-number\" data-from=\"0\" data-to=\"14\" data-speed=\"2000\" style=\"color:#ffffff\"><\/div><div class=\"count-separator\"><span><\/span><\/div><h3 class=\"count-subject\" style=\"color:#ffffff\">Prof\u00edk\u016f<\/h3><\/div><\/div>\n<\/div>\n<div class=\"col-3 \">\n<div class=\"shortcode-wrapper shortcode-milestone-counter hb-animate-element hb-top-to-bottom\" data-delay=\"1000\"><p class=\"aligncenter\"><i class=\"icon-print hb-icon hb-icon-float-none\" style=\"color:#ffffff\"><\/i><\/p><div class=\"hb-counter\"><div class=\"count-number\" data-from=\"0\" data-to=\"18\" data-speed=\"3000\" style=\"color:#ffffff\"><\/div><div class=\"count-separator\"><span><\/span><\/div><h3 class=\"count-subject\" style=\"color:#ffffff\">Stroj\u016f<\/h3><\/div><\/div>\n<div class=\"shortcode-wrapper shortcode-spacer clearfix\"><div class=\"spacer\" style=\"height:20px;\"><\/div><\/div>\n<\/div>\n<\/div><\/div><\/div><div class=\"video-overlay no-overlay\"><\/div><div class=\"hb-parallax-wrapper\" style=\"background-image:url(https:\/\/logoprint.cz\/wp-content\/uploads\/2015\/03\/barevne_kostky_1600.jpg);\"><\/div><\/div>[\/vc_column][\/vc_row]\n<\/div>","protected":false},"excerpt":{"rendered":"<p>[vc_row][vc_column width=&#8220;1\/2&#8243;][vc_column_text]Logoprint je tvo\u0159en t\u00fdmem profesion\u00e1l\u016f, kter\u00fd m\u00e1 jedin\u00fd c\u00edl &#8211; V\u00e1s &#8211; spokojen\u00e9ho z\u00e1kazn\u00edka. Kdykoliv od n\u00e1s m\u016f\u017eete o\u010dek\u00e1vat [&hellip;]<\/p>\n","protected":false},"author":1,"featured_media":0,"parent":0,"menu_order":0,"comment_status":"open","ping_status":"open","template":"","meta":{"footnotes":""},"class_list":["post-4936","page","type-page","status-publish","hentry"],"_links":{"self":[{"href":"https:\/\/logoprint.cz\/index.php?rest_route=\/wp\/v2\/pages\/4936"}],"collection":[{"href":"https:\/\/logoprint.cz\/index.php?rest_route=\/wp\/v2\/pages"}],"about":[{"href":"https:\/\/logoprint.cz\/index.php?rest_route=\/wp\/v2\/types\/page"}],"author":[{"embeddable":true,"href":"https:\/\/logoprint.cz\/index.php?rest_route=\/wp\/v2\/users\/1"}],"replies":[{"embeddable":true,"href":"https:\/\/logoprint.cz\/index.php?rest_route=%2Fwp%2Fv2%2Fcomments&post=4936"}],"version-history":[{"count":2,"href":"https:\/\/logoprint.cz\/index.php?rest_route=\/wp\/v2\/pages\/4936\/revisions"}],"predecessor-version":[{"id":4937,"href":"https:\/\/logoprint.cz\/index.php?rest_route=\/wp\/v2\/pages\/4936\/revisions\/4937"}],"wp:attachment":[{"href":"https:\/\/logoprint.cz\/index.php?rest_route=%2Fwp%2Fv2%2Fmedia&parent=4936"}],"curies":[{"name":"wp","href":"https:\/\/api.w.org\/{rel}","templated":true}]}}